{"id":121669,"date":"2024-12-05T10:14:43","date_gmt":"2024-12-05T09:14:43","guid":{"rendered":"https:\/\/zoca.es\/producto\/point-dacces-cisco-air-ap3802e-e-k9-v05-reconditionne-fr-12462\/"},"modified":"2026-02-25T10:08:49","modified_gmt":"2026-02-25T09:08:49","slug":"point-dacces-cisco-air-ap3802e-e-k9-v05-reconditionne-fr-12462","status":"publish","type":"product","link":"https:\/\/zoca.es\/fr\/produit\/point-dacces-cisco-air-ap3802e-e-k9-v05-reconditionne-fr-12462\/","title":{"rendered":"Point d&rsquo;acc\u00e8s CISCO AIR-AP3802E-E-K9 v05 | Reconditionn\u00e9"},"content":{"rendered":"<p><strong>G\u00e9n\u00e9rale imprimante<\/strong><br \/>Point d&rsquo;acc\u00e8s<br \/><strong>Ports r\u00e9seau<\/strong><br \/>Ethernet 1000 Mbps.<br \/><strong>Dimensions<\/strong><br \/>22x22x5.5 cm.<br \/><strong>Poids<\/strong><br \/>1.70 Kg.<br \/><strong>Sp\u00e9cifications suppl\u00e9mentaires<\/strong><br \/>Le Cisco AIR-AP3802E-E-K9 est un point d&rsquo;acc\u00e8s haut de gamme con\u00e7u pour les environnements professionnels exigeants. Il prend en charge la norme 802.11ac Wave 2 avec des vitesses allant jusqu&rsquo;\u00e0 5,2 Gbit\/s et la technologie 4&#215;4 MU-MIMO. Il int\u00e8gre deux ports Ethernet multi-gigabit (jusqu&rsquo;\u00e0 5 Gbit\/s), une connectivit\u00e9 flexible et des antennes externes pour optimiser les performances dans les installations complexes. Id\u00e9al pour les r\u00e9seaux qui n\u00e9cessitent une capacit\u00e9 et une fiabilit\u00e9 \u00e9lev\u00e9es<\/p>\n<p><strong>Commentaires<\/strong><br \/><u>2,4\/5 GHz &#8211; PoE &#8211; WiFi &#8211; Sans Antenne &#8211; 2&#215;100\/1000\/2500\/5000 Ethernet multigigabit &#8211; 1xRJ-45 Auxiliaire<\/u><\/p>\n","protected":false},"excerpt":{"rendered":"<p>Point d&rsquo;acc\u00e8s \u00b7 Ethernet 1000 Mbps. \u00b7 <u>2,4\/5 GHz &#8211; PoE &#8211; WiFi &#8211; Sans Antenne &#8211; 2&#215;100\/1000\/2500\/5000 Ethernet multigigabit &#8211; 1xRJ-45 Auxiliaire<\/u><\/p>\n","protected":false},"featured_media":121662,"template":"","meta":[],"product_brand":[3477],"product_cat":[3217,80],"product_tag":[],"class_list":{"0":"post-121669","1":"product","2":"type-product","3":"status-publish","4":"has-post-thumbnail","6":"product_brand-cisco","7":"product_cat-networking-wireless-fr","8":"product_cat-networking-fr","10":"first","11":"instock","12":"taxable","13":"shipping-taxable","14":"purchasable","15":"product-type-simple"},"bundled_by":[],"bundle_stock_status":"instock","bundle_stock_quantity":1,"bundle_virtual":false,"bundle_layout":"","bundle_add_to_cart_form_location":"","bundle_editable_in_cart":false,"bundle_sold_individually_context":"","bundle_item_grouping":"","bundle_min_size":"","bundle_max_size":"","bundle_price":[],"bundled_items":[],"bundle_sell_ids":[],"exclude_global_add_ons":[],"addons":[],"df_price":116.16,"df_sale_price":"","df_regular_price":116.16,"df_image_link":"https:\/\/zoca.es\/wp-content\/uploads\/images\/product\/12462\/cisc00069_01-300x225.jpg","_links":{"self":[{"href":"https:\/\/zoca.es\/fr\/wp-json\/wp\/v2\/product\/121669","targetHints":{"allow":["GET"]}}],"collection":[{"href":"https:\/\/zoca.es\/fr\/wp-json\/wp\/v2\/product"}],"about":[{"href":"https:\/\/zoca.es\/fr\/wp-json\/wp\/v2\/types\/product"}],"wp:featuredmedia":[{"embeddable":true,"href":"https:\/\/zoca.es\/fr\/wp-json\/wp\/v2\/media\/121662"}],"wp:attachment":[{"href":"https:\/\/zoca.es\/fr\/wp-json\/wp\/v2\/media?parent=121669"}],"wp:term":[{"taxonomy":"product_brand","embeddable":true,"href":"https:\/\/zoca.es\/fr\/wp-json\/wp\/v2\/product_brand?post=121669"},{"taxonomy":"product_cat","embeddable":true,"href":"https:\/\/zoca.es\/fr\/wp-json\/wp\/v2\/product_cat?post=121669"},{"taxonomy":"product_tag","embeddable":true,"href":"https:\/\/zoca.es\/fr\/wp-json\/wp\/v2\/product_tag?post=121669"}],"curies":[{"name":"wp","href":"https:\/\/api.w.org\/{rel}","templated":true}]}}