{"id":121660,"date":"2024-12-05T10:00:04","date_gmt":"2024-12-05T09:00:04","guid":{"rendered":"https:\/\/zoca.es\/producto\/router-cisco-881-router-reconditionne-fr-12524\/"},"modified":"2026-02-25T10:08:29","modified_gmt":"2026-02-25T09:08:29","slug":"router-cisco-881-router-reconditionne-fr-12524","status":"publish","type":"product","link":"https:\/\/zoca.es\/fr\/produit\/router-cisco-881-router-reconditionne-fr-12524\/","title":{"rendered":"Router CISCO 881 Router | Reconditionn\u00e9"},"content":{"rendered":"<p><strong>G\u00e9n\u00e9rale imprimante<\/strong><br \/>Router<br \/><strong>Ports r\u00e9seau<\/strong><br \/>4x Ethernet 100 Mbps.<br \/>WAN 100 Mbps.<br \/><strong>Dimensions<\/strong><br \/>32.5x25x4.5 cm.<br \/><strong>Poids<\/strong><br \/>1.00 Kg.<br \/><strong>Sp\u00e9cifications suppl\u00e9mentaires<\/strong><br \/>Le routeur \u00e0 services int\u00e9gr\u00e9s (ISR) Cisco 881 est une solution robuste con\u00e7ue pour les petits bureaux et succursales, offrant une combinaison de connectivit\u00e9 s\u00e9curis\u00e9e, de performances et de fonctionnalit\u00e9s avanc\u00e9es. Ses caract\u00e9ristiques les plus remarquables incluent :<br \/><b>Sp\u00e9cifications cl\u00e9s :<\/b><br \/><u>Connectivit\u00e9 WAN :<\/u> 1 port Ethernet 10\/100 Mbps pour la connexion \u00e0 Internet ou aux r\u00e9seaux WAN.<br \/><u>Connectivit\u00e9 LAN :<\/u> Switch int\u00e9gr\u00e9 avec 4 ports Ethernet 10\/100 Mbps.<br \/><u>S\u00e9curit\u00e9 :<\/u> Prise en charge des VPN IPsec (jusqu&rsquo;\u00e0 20 tunnels), pare-feu int\u00e9gr\u00e9 et options de contenu filtr\u00e9 sous licence.<br \/><u>Wi-Fi int\u00e9gr\u00e9 (en option) :<\/u> Prise en charge des normes 802.11n (2,4 GHz) avec antennes internes.<br \/><u>Prise en charge VoIP :<\/u> Vers le haut \u00e0 4 ports FXS pour les connexions vocales (selon le mod\u00e8le SRST).<br \/><u>Protocole de routage :<\/u> Compatible avec RIPv1, RIPv2, BGP, OSPF et EIGRP.<br \/><u>Hautes performances :<\/u> Capacit\u00e9 de traitement allant jusqu&rsquo;\u00e0 15 Mbit\/s de trafic VPN crypt\u00e9\u200b<\/p>\n","protected":false},"excerpt":{"rendered":"<p>Router \u00b7 4x Ethernet 100 Mbps. \u00b7 WAN 100 Mbps. \u00b7 PoE<\/p>\n","protected":false},"featured_media":121653,"template":"","meta":[],"product_brand":[3477],"product_cat":[3214,80],"product_tag":[],"class_list":{"0":"post-121660","1":"product","2":"type-product","3":"status-publish","4":"has-post-thumbnail","6":"product_brand-cisco","7":"product_cat-networking-routers-fr","8":"product_cat-networking-fr","10":"first","11":"instock","12":"taxable","13":"shipping-taxable","14":"purchasable","15":"product-type-simple"},"bundled_by":[],"bundle_stock_status":"instock","bundle_stock_quantity":3,"bundle_virtual":false,"bundle_layout":"","bundle_add_to_cart_form_location":"","bundle_editable_in_cart":false,"bundle_sold_individually_context":"","bundle_item_grouping":"","bundle_min_size":"","bundle_max_size":"","bundle_price":[],"bundled_items":[],"bundle_sell_ids":[],"exclude_global_add_ons":[],"addons":[],"df_price":123.42,"df_sale_price":"","df_regular_price":123.42,"df_image_link":"https:\/\/zoca.es\/wp-content\/uploads\/images\/product\/12524\/cisc00098_01-300x225.jpg","_links":{"self":[{"href":"https:\/\/zoca.es\/fr\/wp-json\/wp\/v2\/product\/121660","targetHints":{"allow":["GET"]}}],"collection":[{"href":"https:\/\/zoca.es\/fr\/wp-json\/wp\/v2\/product"}],"about":[{"href":"https:\/\/zoca.es\/fr\/wp-json\/wp\/v2\/types\/product"}],"wp:featuredmedia":[{"embeddable":true,"href":"https:\/\/zoca.es\/fr\/wp-json\/wp\/v2\/media\/121653"}],"wp:attachment":[{"href":"https:\/\/zoca.es\/fr\/wp-json\/wp\/v2\/media?parent=121660"}],"wp:term":[{"taxonomy":"product_brand","embeddable":true,"href":"https:\/\/zoca.es\/fr\/wp-json\/wp\/v2\/product_brand?post=121660"},{"taxonomy":"product_cat","embeddable":true,"href":"https:\/\/zoca.es\/fr\/wp-json\/wp\/v2\/product_cat?post=121660"},{"taxonomy":"product_tag","embeddable":true,"href":"https:\/\/zoca.es\/fr\/wp-json\/wp\/v2\/product_tag?post=121660"}],"curies":[{"name":"wp","href":"https:\/\/api.w.org\/{rel}","templated":true}]}}