{"id":121103,"date":"2024-11-28T10:41:30","date_gmt":"2024-11-28T09:41:30","guid":{"rendered":"https:\/\/zoca.es\/producto\/telephone-portable-cisco-colour-key-expansion-module-reconditionne-fr-12593\/"},"modified":"2026-02-25T10:41:10","modified_gmt":"2026-02-25T09:41:10","slug":"telephone-portable-cisco-colour-key-expansion-module-reconditionne-fr-12593","status":"publish","type":"product","link":"https:\/\/zoca.es\/fr\/produit\/telephone-portable-cisco-colour-key-expansion-module-reconditionne-fr-12593\/","title":{"rendered":"T\u00e9l\u00e9phonie IP CISCO Colour Key Expansion Module | Reconditionn\u00e9"},"content":{"rendered":"<p>CP-CKEM-C V01 &#8211; \u00c9cran couleur 4,3&Prime; &#8211; 18 touches programmables &#8211; Boutons lumineux &#8211; Compatible avec : Cisco 9951\/9971\/8961<\/p>\n","protected":false},"excerpt":{"rendered":"<p>CP-CKEM-C V01 &#8211; 4.3 &quot; \u00c9cran couleur &#8211; 18 touches programmables &#8211; Boutons lumineux &#8211; Compatible avec : Cisco 9951\/9971\/8961 &#8211; R\u00e9f : 68-3144-01<\/p>\n","protected":false},"featured_media":121099,"template":"","meta":[],"product_brand":[3477],"product_cat":[3220,80],"product_tag":[],"class_list":{"0":"post-121103","1":"product","2":"type-product","3":"status-publish","4":"has-post-thumbnail","6":"product_brand-cisco","7":"product_cat-networking-telephonie-ip-fr","8":"product_cat-networking-fr","10":"first","11":"instock","12":"taxable","13":"shipping-taxable","14":"purchasable","15":"product-type-simple"},"bundled_by":[],"bundle_stock_status":"instock","bundle_stock_quantity":5,"bundle_virtual":false,"bundle_layout":"","bundle_add_to_cart_form_location":"","bundle_editable_in_cart":false,"bundle_sold_individually_context":"","bundle_item_grouping":"","bundle_min_size":"","bundle_max_size":"","bundle_price":[],"bundled_items":[],"bundle_sell_ids":[],"exclude_global_add_ons":[],"addons":[],"df_price":90.75,"df_sale_price":"","df_regular_price":90.75,"df_image_link":"https:\/\/zoca.es\/wp-content\/uploads\/images\/product\/12593\/cisc00102_01-300x225.jpg","_links":{"self":[{"href":"https:\/\/zoca.es\/fr\/wp-json\/wp\/v2\/product\/121103","targetHints":{"allow":["GET"]}}],"collection":[{"href":"https:\/\/zoca.es\/fr\/wp-json\/wp\/v2\/product"}],"about":[{"href":"https:\/\/zoca.es\/fr\/wp-json\/wp\/v2\/types\/product"}],"wp:featuredmedia":[{"embeddable":true,"href":"https:\/\/zoca.es\/fr\/wp-json\/wp\/v2\/media\/121099"}],"wp:attachment":[{"href":"https:\/\/zoca.es\/fr\/wp-json\/wp\/v2\/media?parent=121103"}],"wp:term":[{"taxonomy":"product_brand","embeddable":true,"href":"https:\/\/zoca.es\/fr\/wp-json\/wp\/v2\/product_brand?post=121103"},{"taxonomy":"product_cat","embeddable":true,"href":"https:\/\/zoca.es\/fr\/wp-json\/wp\/v2\/product_cat?post=121103"},{"taxonomy":"product_tag","embeddable":true,"href":"https:\/\/zoca.es\/fr\/wp-json\/wp\/v2\/product_tag?post=121103"}],"curies":[{"name":"wp","href":"https:\/\/api.w.org\/{rel}","templated":true}]}}