{"id":121097,"date":"2024-11-28T10:29:28","date_gmt":"2024-11-28T09:29:28","guid":{"rendered":"https:\/\/zoca.es\/producto\/telephone-portable-cisco-cp-8961-reconditionne-fr-12592\/"},"modified":"2026-02-25T10:41:10","modified_gmt":"2026-02-25T09:41:10","slug":"telephone-portable-cisco-cp-8961-reconditionne-fr-12592","status":"publish","type":"product","link":"https:\/\/zoca.es\/fr\/produit\/telephone-portable-cisco-cp-8961-reconditionne-fr-12592\/","title":{"rendered":"T\u00e9l\u00e9phonie IP CISCO CP-8961 | Reconditionn\u00e9"},"content":{"rendered":"<p>\u00c9cran couleur 5&Prime; (640&#215;480) &#8211; Port USB 2.0 &#8211; Voix USB HD &#8211; 5 touches programmables &#8211; 2xGigabit Ethernet &#8211; PoE &#8211; Identification de l&rsquo;appelant &#8211; Mains libres<\/p>\n","protected":false},"excerpt":{"rendered":"<p>\u00c9cran couleur 5&quot; ( 640&#215;480) &#8211; Port USB 2.0 &#8211; USB HD Voice &#8211; 5 touches programmables &#8211; 2xGigabit Ethernet &#8211; PoE &#8211; Identification de l&rsquo;appelant &#8211; Mains libres<\/p>\n","protected":false},"featured_media":121090,"template":"","meta":[],"product_brand":[3477],"product_cat":[3220,80],"product_tag":[3291],"class_list":{"0":"post-121097","1":"product","2":"type-product","3":"status-publish","4":"has-post-thumbnail","6":"product_brand-cisco","7":"product_cat-networking-telephonie-ip-fr","8":"product_cat-networking-fr","9":"product_tag-oferta-permanente","11":"first","12":"instock","13":"sale","14":"taxable","15":"shipping-taxable","16":"purchasable","17":"product-type-simple"},"bundled_by":[],"bundle_stock_status":"instock","bundle_stock_quantity":28,"bundle_virtual":false,"bundle_layout":"","bundle_add_to_cart_form_location":"","bundle_editable_in_cart":false,"bundle_sold_individually_context":"","bundle_item_grouping":"","bundle_min_size":"","bundle_max_size":"","bundle_price":[],"bundled_items":[],"bundle_sell_ids":[],"exclude_global_add_ons":[],"addons":[],"df_price":96.8,"df_sale_price":96.8,"df_regular_price":116.16,"df_image_link":"https:\/\/zoca.es\/wp-content\/uploads\/images\/product\/12592\/cisc00101_01-300x225.jpg","_links":{"self":[{"href":"https:\/\/zoca.es\/fr\/wp-json\/wp\/v2\/product\/121097","targetHints":{"allow":["GET"]}}],"collection":[{"href":"https:\/\/zoca.es\/fr\/wp-json\/wp\/v2\/product"}],"about":[{"href":"https:\/\/zoca.es\/fr\/wp-json\/wp\/v2\/types\/product"}],"wp:featuredmedia":[{"embeddable":true,"href":"https:\/\/zoca.es\/fr\/wp-json\/wp\/v2\/media\/121090"}],"wp:attachment":[{"href":"https:\/\/zoca.es\/fr\/wp-json\/wp\/v2\/media?parent=121097"}],"wp:term":[{"taxonomy":"product_brand","embeddable":true,"href":"https:\/\/zoca.es\/fr\/wp-json\/wp\/v2\/product_brand?post=121097"},{"taxonomy":"product_cat","embeddable":true,"href":"https:\/\/zoca.es\/fr\/wp-json\/wp\/v2\/product_cat?post=121097"},{"taxonomy":"product_tag","embeddable":true,"href":"https:\/\/zoca.es\/fr\/wp-json\/wp\/v2\/product_tag?post=121097"}],"curies":[{"name":"wp","href":"https:\/\/api.w.org\/{rel}","templated":true}]}}