{"id":121079,"date":"2024-11-28T09:59:20","date_gmt":"2024-11-28T08:59:20","guid":{"rendered":"https:\/\/zoca.es\/producto\/telephone-portable-cisco-cp-8841-reconditionne-fr-12590\/"},"modified":"2026-02-25T10:40:54","modified_gmt":"2026-02-25T09:40:54","slug":"telephone-portable-cisco-cp-8841-reconditionne-fr-12590","status":"publish","type":"product","link":"https:\/\/zoca.es\/fr\/produit\/telephone-portable-cisco-cp-8841-reconditionne-fr-12590\/","title":{"rendered":"T\u00e9l\u00e9phonie IP CISCO CP-8841 | Reconditionn\u00e9"},"content":{"rendered":"<p>5 lignes SIP programmables &#8211; \u00c9cran couleur 5&Prime; (800&#215;480) &#8211; PoE &#8211; Son Full Duplex &#8211; BLF &#8211; Port RJ9 &#8211; Port auxiliaire EHS &#8211; 2xRJ45 10\/100\/1000BASE-T &#8211; IEEE 802.3af, classe 2<\/p>\n","protected":false},"excerpt":{"rendered":"<p>5 lignes SIP programmables &#8211; \u00c9cran couleur 5&quot; (800&#215;480) &#8211; PoE &#8211; Son Full Duplex &#8211; BLF &#8211; Port RJ9 &#8211; Port auxiliaire EHS &#8211; 2xRJ45 10\/100\/1000BASE-T &#8211; IEEE 802.3af, classe 2<\/p>\n","protected":false},"featured_media":121072,"template":"","meta":[],"product_brand":[3477],"product_cat":[3220,80],"product_tag":[3291],"class_list":{"0":"post-121079","1":"product","2":"type-product","3":"status-publish","4":"has-post-thumbnail","6":"product_brand-cisco","7":"product_cat-networking-telephonie-ip-fr","8":"product_cat-networking-fr","9":"product_tag-oferta-permanente","11":"first","12":"instock","13":"taxable","14":"shipping-taxable","15":"purchasable","16":"product-type-simple"},"bundled_by":[],"bundle_stock_status":"instock","bundle_stock_quantity":20,"bundle_virtual":false,"bundle_layout":"","bundle_add_to_cart_form_location":"","bundle_editable_in_cart":false,"bundle_sold_individually_context":"","bundle_item_grouping":"","bundle_min_size":"","bundle_max_size":"","bundle_price":[],"bundled_items":[],"bundle_sell_ids":[],"exclude_global_add_ons":[],"addons":[],"df_price":130.68,"df_sale_price":"","df_regular_price":130.68,"df_image_link":"https:\/\/zoca.es\/wp-content\/uploads\/images\/product\/12590\/cisc00099_01-300x225.jpg","_links":{"self":[{"href":"https:\/\/zoca.es\/fr\/wp-json\/wp\/v2\/product\/121079","targetHints":{"allow":["GET"]}}],"collection":[{"href":"https:\/\/zoca.es\/fr\/wp-json\/wp\/v2\/product"}],"about":[{"href":"https:\/\/zoca.es\/fr\/wp-json\/wp\/v2\/types\/product"}],"wp:featuredmedia":[{"embeddable":true,"href":"https:\/\/zoca.es\/fr\/wp-json\/wp\/v2\/media\/121072"}],"wp:attachment":[{"href":"https:\/\/zoca.es\/fr\/wp-json\/wp\/v2\/media?parent=121079"}],"wp:term":[{"taxonomy":"product_brand","embeddable":true,"href":"https:\/\/zoca.es\/fr\/wp-json\/wp\/v2\/product_brand?post=121079"},{"taxonomy":"product_cat","embeddable":true,"href":"https:\/\/zoca.es\/fr\/wp-json\/wp\/v2\/product_cat?post=121079"},{"taxonomy":"product_tag","embeddable":true,"href":"https:\/\/zoca.es\/fr\/wp-json\/wp\/v2\/product_tag?post=121079"}],"curies":[{"name":"wp","href":"https:\/\/api.w.org\/{rel}","templated":true}]}}