{"id":120592,"date":"2024-11-22T13:54:38","date_gmt":"2024-11-22T12:54:38","guid":{"rendered":"https:\/\/zoca.es\/producto\/hp-probook-450-g3-156-reconditionne-core-i5-23ghz-16-gb-ram-512-gb-ssd-1366x768-fr-12973\/"},"modified":"2026-04-23T11:38:57","modified_gmt":"2026-04-23T10:38:57","slug":"hp-probook-450-g3-156-reconditionne-core-i5-23ghz-16-gb-ram-512-gb-ssd-1366x768-fr-12973","status":"publish","type":"product","link":"https:\/\/zoca.es\/fr\/produit\/hp-probook-450-g3-156-reconditionne-core-i5-23ghz-16-gb-ram-512-gb-ssd-1366x768-fr-12973\/","title":{"rendered":"HP ProBook 450 G3 15.6\u00a0\u00bb | Reconditionn\u00e9 | Core i5 2.3GHz | 16 GB RAM | 500 GB SSD 1366&#215;768"},"content":{"rendered":"<p><strong>Processeur<\/strong><br \/>Intel Core i5 6200U 2.3 GHz.<br \/><strong>M\u00e9moire RAM<\/strong><br \/>16 Gb. SO-DDR3 RAM<br \/><strong>Disque dur<\/strong><br \/>500 Gb. SSD<br \/><strong>Lecteur optique<\/strong><br \/>DVD<br \/><strong>Cartes<\/strong><br \/>Graphique: Intel Hd Graphics 520<br \/>Son: Conexant audio<br \/>R\u00e9seau: Realtek PCIe GBE<br \/><strong>Syst\u00e8me op\u00e9ratif<\/strong><br \/>Windows 10 Pro<br \/><strong>Ports<\/strong><br \/>2x USB 2.0<br \/>2x USB 3.0<br \/><strong>\u00c9cran<\/strong><br \/>Led 15.6 \u00a0\u00bb HD 16:10  \u00b7 R\u00e9solution 1366&#215;768<br \/><strong>Ports vid\u00e9o<\/strong><br \/>VGA<br \/>HDMI<br \/><strong>Multim\u00e9dias<\/strong><br \/>Webcam<br \/>Lecteur SD<br \/>Lecteur d&#8217;empreintes<br \/><strong>Connectivit\u00e9<\/strong><br \/>RJ-45<br \/>WIFI<br \/>Bluetooth<br \/><strong>Notebook sp\u00e9cifique<\/strong><br \/>Langue du clavier Espagnol<br \/>Clavier num\u00e9rique<br \/><strong>Autres<\/strong><br \/>hR emballage<br \/><strong>Dimensions<\/strong><br \/>37.8&#215;26.3&#215;3 cm.<br \/><strong>Poids<\/strong><br \/>2.25 Kg.<br \/><strong>Sp\u00e9cifications suppl\u00e9mentaires<\/strong><br \/>Le HP ProBook 450 G3 est un ordinateur portable con\u00e7u pour offrir un \u00e9quilibre entre performances et fonctionnalit\u00e9s, id\u00e9al pour les professionnels et les \u00e9tudiants. \u00c9quip\u00e9 d&rsquo;un processeur Intel Core i5 de 6e g\u00e9n\u00e9ration et de 16 Go de RAM, il garantit des performances fluides dans les applications multit\u00e2ches et quotidiennes. Son stockage SSD de 512 Go offre des vitesses de d\u00e9marrage rapides et suffisamment d&rsquo;espace pour les fichiers et les programmes. L&rsquo;\u00e9cran LED de 15,6&Prime; avec une r\u00e9solution HD (1366 x 768) offre des images claires et suffisamment de d\u00e9tails pour les t\u00e2ches de productivit\u00e9. Comprend des fonctionnalit\u00e9s suppl\u00e9mentaires telles qu&rsquo;un lecteur d&#8217;empreintes digitales et un lecteur de carte SD. , qui am\u00e9liorent la s\u00e9curit\u00e9 et la commodit\u00e9. Avec Windows 10 Professionnel pr\u00e9install\u00e9, le ProBook 450 G3 offre un environnement s\u00e9curis\u00e9 et efficace, tandis que son lecteur de DVD ajoute des fonctionnalit\u00e9s suppl\u00e9mentaires. polyvalence. C&rsquo;est une option robuste et fiable pour ceux qui recherchent un ordinateur portable abordable avec des fonctionnalit\u00e9s compl\u00e8tes.<br \/>Bonne apparence ext\u00e9rieure Regardez dans \u00ab + Photos \u00bb et \u00ab Vid\u00e9o \u00bb et si vous avez des questions, appelez-nous ou utilisez notre chat. pour plus d&rsquo;informations ou pour demander plus de d\u00e9tails.<\/p>\n<p><strong>Commentaires<\/strong><br \/><u>1xM.2 2280 pour le stockage<\/u><\/p>\n","protected":false},"excerpt":{"rendered":"<p>Intel Core i5 6200U 2.3 GHz. \u00b7 16 Gb. SO-DDR3 RAM \u00b7 500 Gb. SSD \u00b7 DVD \u00b7 Windows 10 Pro \u00b7 Led 15.6 \u00a0\u00bb HD 16:10  \u00b7 R\u00e9solution 1366&#215;768 \u00b7 Webcam \u00b7 Lecteur SD \u00b7 Lecteur d&#8217;empreintes \u00b7 <u>1xM.2 2280 pour le stockage<\/u><\/p>\n","protected":false},"featured_media":120564,"template":"","meta":[],"product_brand":[3453],"product_cat":[2254,3121],"product_tag":[],"class_list":{"0":"post-120592","1":"product","2":"type-product","3":"status-publish","4":"has-post-thumbnail","6":"product_brand-hp","7":"product_cat-notebooks-fr","8":"product_cat-notebooks-notebooks-fr","10":"first","11":"instock","12":"taxable","13":"shipping-taxable","14":"purchasable","15":"product-type-simple"},"bundled_by":[],"bundle_stock_status":"instock","bundle_stock_quantity":1,"bundle_virtual":false,"bundle_layout":"","bundle_add_to_cart_form_location":"","bundle_editable_in_cart":false,"bundle_sold_individually_context":"","bundle_item_grouping":"","bundle_min_size":"","bundle_max_size":"","bundle_price":[],"bundled_items":[],"bundle_sell_ids":[],"exclude_global_add_ons":true,"addons":{"keyboard-iso-upgrades":{"name":"Choisir langue du clavier","type":"multiple_choice","position":0,"required":false,"title_format":"heading","default":"","description_enable":false,"description":"","placeholder_enable":false,"placeholder":"","display":"radiobutton","restrictions_type":"any_text","adjust_price":false,"price":"","price_type":"quantity_based","restrictions":false,"min":"0","max":"0","options":[{"label":"Autocollants fran\u00e7ais [AMP00084]","price":"0.0000","price_type":"quantity_based","image":0,"visibility":true},{"label":"Autocollants portugais [AMP00083]","price":"0.0000","price_type":"quantity_based","image":0,"visibility":true}]},"hdd-upgrades":{"name":"Extension disque dur","type":"multiple_choice","position":0,"required":false,"title_format":"heading","default":"","description_enable":false,"description":"","placeholder_enable":false,"placeholder":"","display":"radiobutton","restrictions_type":"any_text","adjust_price":false,"price":"","price_type":"quantity_based","restrictions":false,"min":"0","max":"0","options":[{"label":"Passez au disque SSD 1 Tb. [AMP00071]","price":"95.0000","price_type":"quantity_based","image":0,"visibility":true},{"label":"Passez au disque SSD 1 Tb. M.2 2280 PCIe [AMP00107]","price":"165.0000","price_type":"quantity_based","image":0,"visibility":true},{"label":"SSD suppl\u00e9mentaire 500 Gb. M.2 2280 PCIe [AMP00108]","price":"115.0000","price_type":"quantity_based","image":0,"visibility":true},{"label":"Disque SSD de 1 Tb. M.2 2280 PCIe suppl\u00e9mentaire [AMP00109]","price":"170.0000","price_type":"quantity_based","image":0,"visibility":true}]},"os-upgrades":{"name":"Expansion SO","type":"multiple_choice","position":0,"required":false,"title_format":"heading","default":"","description_enable":false,"description":"","placeholder_enable":false,"placeholder":"","display":"radiobutton","restrictions_type":"any_text","adjust_price":false,"price":"","price_type":"quantity_based","restrictions":false,"min":"0","max":"0","options":[{"label":"Changer la langue en fran\u00e7ais [AMP00125]","price":"0.0000","price_type":"quantity_based","image":0,"visibility":true},{"label":"Changer la langue en anglais [AMP00008]","price":"0.0000","price_type":"quantity_based","image":0,"visibility":true},{"label":"Changer la langue en portugais [AMP00009]","price":"0.0000","price_type":"quantity_based","image":0,"visibility":true}]},"briefcase-upgrades":{"name":"Porte-documents","type":"multiple_choice","position":0,"required":false,"title_format":"heading","default":"","description_enable":false,"description":"","placeholder_enable":false,"placeholder":"","display":"radiobutton","restrictions_type":"any_text","adjust_price":false,"price":"","price_type":"quantity_based","restrictions":false,"min":"0","max":"0","options":[{"label":"Mallette Notebook [AMP00041]","price":"5.0000","price_type":"quantity_based","image":0,"visibility":true}]}},"df_price":341.22,"df_sale_price":"","df_regular_price":341.22,"df_image_link":"https:\/\/zoca.es\/wp-content\/uploads\/images\/product\/12973\/hp02787_01-300x225.jpg","_links":{"self":[{"href":"https:\/\/zoca.es\/fr\/wp-json\/wp\/v2\/product\/120592","targetHints":{"allow":["GET"]}}],"collection":[{"href":"https:\/\/zoca.es\/fr\/wp-json\/wp\/v2\/product"}],"about":[{"href":"https:\/\/zoca.es\/fr\/wp-json\/wp\/v2\/types\/product"}],"wp:featuredmedia":[{"embeddable":true,"href":"https:\/\/zoca.es\/fr\/wp-json\/wp\/v2\/media\/120564"}],"wp:attachment":[{"href":"https:\/\/zoca.es\/fr\/wp-json\/wp\/v2\/media?parent=120592"}],"wp:term":[{"taxonomy":"product_brand","embeddable":true,"href":"https:\/\/zoca.es\/fr\/wp-json\/wp\/v2\/product_brand?post=120592"},{"taxonomy":"product_cat","embeddable":true,"href":"https:\/\/zoca.es\/fr\/wp-json\/wp\/v2\/product_cat?post=120592"},{"taxonomy":"product_tag","embeddable":true,"href":"https:\/\/zoca.es\/fr\/wp-json\/wp\/v2\/product_tag?post=120592"}],"curies":[{"name":"wp","href":"https:\/\/api.w.org\/{rel}","templated":true}]}}