{"id":120410,"date":"2024-11-22T09:09:57","date_gmt":"2024-11-22T08:09:57","guid":{"rendered":"https:\/\/zoca.es\/producto\/kiosco-all-in-one-advanpos-ep-5500-15-aio-reconditionne-atom-18ghz-4-gb-ram-320-gb-hdd-fr-12700\/"},"modified":"2026-02-25T10:02:52","modified_gmt":"2026-02-25T09:02:52","slug":"kiosco-all-in-one-advanpos-ep-5500-15-aio-reconditionne-atom-18ghz-4-gb-ram-320-gb-hdd-fr-12700","status":"publish","type":"product","link":"https:\/\/zoca.es\/fr\/produit\/kiosco-all-in-one-advanpos-ep-5500-15-aio-reconditionne-atom-18ghz-4-gb-ram-320-gb-hdd-fr-12700\/","title":{"rendered":"Kiosco All-In-One Advanpos-EP 5500 15\u00a0\u00bb AIO | Reconditionn\u00e9 | Atom 1.8GHz | 4 GB RAM | 320 GB HDD"},"content":{"rendered":"<p><strong>Processeur<\/strong><br \/>Intel Atom D525 1.8 GHz.<br \/><strong>Facteur de forme<\/strong><br \/>AIO<br \/><strong>M\u00e9moire RAM<\/strong><br \/>4 Gb. SO-DDR3 RAM<br \/><strong>Disque dur<\/strong><br \/>320 Gb. SATA<br \/><strong>Cartes<\/strong><br \/>Graphique: Intel Media Accelerator 3150<br \/>Son: High Definicion Audio<br \/>R\u00e9seau: Realtek Gigabit Ethernet<br \/><strong>Syst\u00e8me op\u00e9ratif<\/strong><br \/>Windows 7 Pro<br \/><strong>Ports<\/strong><br \/>4x S\u00e9rie<br \/>1x Parall\u00e8le<br \/>4x USB 2.0<br \/><strong>\u00c9cran<\/strong><br \/>Tactile 15 \u00a0\u00bb HD  16:9  \u00b7 R\u00e9solution 1024&#215;768<br \/><strong>Connectivit\u00e9<\/strong><br \/>1x RJ-45<br \/><strong>Autres<\/strong><br \/>hR emballage<br \/><strong>Dimensions<\/strong><br \/>126x45x40 cm.<br \/><strong>Poids<\/strong><br \/>90.00 Kg.<br \/><strong>Sp\u00e9cifications suppl\u00e9mentaires<\/strong><br \/><u>Design compact et \u00e9l\u00e9gant : <\/u>son format tout-en-un permet d&rsquo;\u00e9conomiser de l&rsquo;espace et am\u00e9liore l&rsquo;esth\u00e9tique du comptoir, id\u00e9al pour les environnements commerciaux o\u00f9 l&rsquo;apparence compte. <br \/><u>Durabilit\u00e9 :<\/u> Con\u00e7u pour r\u00e9sister \u00e0 une utilisation intensive dans des environnements commerciaux, avec un \u00e9cran tactile robuste et des composants robustes. <br \/><u>\u00c9cran tactile multi-touch : <\/u>facilite une interaction rapide et pr\u00e9cise, am\u00e9liorant l\u2019exp\u00e9rience utilisateur et rationalisant le service client. <br \/><u>Performances fiables : <\/u>\u00e9quip\u00e9 du processeur Intel Atom, il offre des performances fluides pour les t\u00e2ches de point de vente et les applications professionnelles. <br \/><u>Flexibilit\u00e9 et connectivit\u00e9 :<\/u> offre plusieurs ports pour connecter les p\u00e9riph\u00e9riques essentiels. <u>Facile \u00e0 entretenir :<\/u> sa conception modulaire permet un acc\u00e8s facile pour les r\u00e9parations ou les mises \u00e0 niveau, r\u00e9duisant ainsi les temps d&rsquo;arr\u00eat. <br \/><u>S\u00e9curit\u00e9 int\u00e9gr\u00e9e :<\/u> inclut des fonctionnalit\u00e9s de s\u00e9curit\u00e9 physiques (verrous) et technologiques (protection des donn\u00e9es) pour les environnements professionnels exigeants. Bon aspect ext\u00e9rieur. Regardez dans \u00ab + Photos \u00bb et si vous avez des questions, appelez-nous ou utilisez notre chat pour plus d&rsquo;informations ou pour demander plus de d\u00e9tails.<\/p>\n<p><strong>Commentaires<\/strong><br \/><u>Imprimante Epson TM-T88 V<\/u><\/p>\n","protected":false},"excerpt":{"rendered":"<p>Intel Atom D525 1.8 GHz. \u00b7 4 Gb. SO-DDR3 RAM \u00b7 320 Gb. SATA \u00b7 Windows 7 Pro \u00b7 Tactile 15 \u00a0\u00bb HD  16:9  \u00b7 R\u00e9solution 1024&#215;768 \u00b7 <u>Imprimante Epson TM-T88 V<\/u><\/p>\n","protected":false},"featured_media":120382,"template":"","meta":[],"product_brand":[3465],"product_cat":[2312,2315],"product_tag":[],"class_list":{"0":"post-120410","1":"product","2":"type-product","3":"status-publish","4":"has-post-thumbnail","6":"product_brand-generic","7":"product_cat-tpv-fr","8":"product_cat-tpv-all-in-one-fr","10":"first","11":"instock","12":"taxable","13":"shipping-taxable","14":"purchasable","15":"product-type-simple"},"bundled_by":[],"bundle_stock_status":"instock","bundle_stock_quantity":4,"bundle_virtual":false,"bundle_layout":"","bundle_add_to_cart_form_location":"","bundle_editable_in_cart":false,"bundle_sold_individually_context":"","bundle_item_grouping":"","bundle_min_size":"","bundle_max_size":"","bundle_price":[],"bundled_items":[],"bundle_sell_ids":[],"exclude_global_add_ons":[],"addons":[],"df_price":347.27,"df_sale_price":"","df_regular_price":347.27,"df_image_link":"https:\/\/zoca.es\/wp-content\/uploads\/images\/product\/12700\/gene00296_01-300x225.jpg","_links":{"self":[{"href":"https:\/\/zoca.es\/fr\/wp-json\/wp\/v2\/product\/120410","targetHints":{"allow":["GET"]}}],"collection":[{"href":"https:\/\/zoca.es\/fr\/wp-json\/wp\/v2\/product"}],"about":[{"href":"https:\/\/zoca.es\/fr\/wp-json\/wp\/v2\/types\/product"}],"wp:featuredmedia":[{"embeddable":true,"href":"https:\/\/zoca.es\/fr\/wp-json\/wp\/v2\/media\/120382"}],"wp:attachment":[{"href":"https:\/\/zoca.es\/fr\/wp-json\/wp\/v2\/media?parent=120410"}],"wp:term":[{"taxonomy":"product_brand","embeddable":true,"href":"https:\/\/zoca.es\/fr\/wp-json\/wp\/v2\/product_brand?post=120410"},{"taxonomy":"product_cat","embeddable":true,"href":"https:\/\/zoca.es\/fr\/wp-json\/wp\/v2\/product_cat?post=120410"},{"taxonomy":"product_tag","embeddable":true,"href":"https:\/\/zoca.es\/fr\/wp-json\/wp\/v2\/product_tag?post=120410"}],"curies":[{"name":"wp","href":"https:\/\/api.w.org\/{rel}","templated":true}]}}