{"id":119739,"date":"2024-11-15T10:33:09","date_gmt":"2024-11-15T09:33:09","guid":{"rendered":"https:\/\/zoca.es\/producto\/dell-poweredge-r200-rack-reconditionne-xeon-quad-core-316ghz-4-gb-ram-150-gb-sas-fr-10339\/"},"modified":"2026-02-25T09:52:13","modified_gmt":"2026-02-25T08:52:13","slug":"dell-poweredge-r200-rack-reconditionne-xeon-quad-core-316ghz-4-gb-ram-150-gb-sas-fr-10339","status":"publish","type":"product","link":"https:\/\/zoca.es\/fr\/produit\/dell-poweredge-r200-rack-reconditionne-xeon-quad-core-316ghz-4-gb-ram-150-gb-sas-fr-10339\/","title":{"rendered":"Dell PowerEdge R200 Rack | Reconditionn\u00e9 | Xeon Quad Core 3.16GHz | 4 GB RAM | 150 GB SAS"},"content":{"rendered":"<p><strong>Processeur<\/strong><br \/>Intel Xeon Quad Core E3120 3.16 GHz.<br \/><strong>Facteur de forme<\/strong><br \/>Rack  (1U)<br \/><strong>M\u00e9moire RAM<\/strong><br \/>4 Gb. DDR3 ECC RAM<br \/><strong>Disque dur<\/strong><br \/>150 Gb. SAS 3.5\u00a0\u00bb 15000rpm<br \/>2 emplacements (1 vide )<br \/><strong>Lecteur optique<\/strong><br \/>DVD-RW<br \/><strong>Cartes<\/strong><br \/>Graphique: AMD ES1000<br \/>R\u00e9seau: Gigabit B5709C<br \/><strong>Syst\u00e8me op\u00e9ratif<\/strong><br \/>&#8211; Sans SO &#8211;<br \/><strong>Ports<\/strong><br \/>S\u00e9rie<br \/>4x USB 2.0<br \/>2x PS2<br \/><strong>Connectivit\u00e9<\/strong><br \/>2x RJ-45<br \/><strong>Source de courant<\/strong><br \/>Alimentations<br \/><strong>Dimensions<\/strong><br \/>54.5x48x4.5 cm.<br \/><strong>Poids<\/strong><br \/>10.00 Kg.<br \/><strong>Sp\u00e9cifications suppl\u00e9mentaires<\/strong><br \/>Le DELL PowerEdge R200 est un serveur compact con\u00e7u pour les petites entreprises qui ont besoin de performances efficaces et d&rsquo;un stockage s\u00e9curis\u00e9. Avec un processeur Intel Xeon Quad Core, une RAM DDR3 ECC et un stockage SAS 15 000 tr\/min, il offre vitesse et fiabilit\u00e9 pour les t\u00e2ches essentielles. De plus, sa configuration RAID am\u00e9liore la protection des donn\u00e9es. Serveur compact id\u00e9al pour les petites entreprises, avec des performances fiables et un stockage SAS haut d\u00e9bit. Comprend une configuration RAID pour la protection des donn\u00e9es et une garantie d&rsquo;un an.<br \/>Bonne apparence ext\u00e9rieure. Si vous avez des questions, appelez-nous ou utilisez notre chat pour plus d&rsquo;informations ou pour demander plus de d\u00e9tails.<\/p>\n<p><strong>Commentaires<\/strong><br \/><u>RAID SAS6 UCS-61<\/u><\/p>\n","protected":false},"excerpt":{"rendered":"<p>Intel Xeon Quad Core E3120 3.16 GHz. \u00b7 4 Gb. DDR3 ECC RAM \u00b7 150 Gb. SAS 3.5\u00a0\u00bb 15000rpm \u00b7 2 emplacements (1 vide ) \u00b7 DVD-RW \u00b7 <u>RAID SAS6 UCS-61<\/u><\/p>\n","protected":false},"featured_media":119732,"template":"","meta":[],"product_brand":[3445],"product_cat":[2339,2345],"product_tag":[],"class_list":{"0":"post-119739","1":"product","2":"type-product","3":"status-publish","4":"has-post-thumbnail","6":"product_brand-dell","7":"product_cat-serveurs-fr","8":"product_cat-serveurs-rack-fr","10":"first","11":"instock","12":"taxable","13":"shipping-taxable","14":"purchasable","15":"product-type-simple"},"bundled_by":[],"bundle_stock_status":"instock","bundle_stock_quantity":3,"bundle_virtual":false,"bundle_layout":"","bundle_add_to_cart_form_location":"","bundle_editable_in_cart":false,"bundle_sold_individually_context":"","bundle_item_grouping":"","bundle_min_size":"","bundle_max_size":"","bundle_price":[],"bundled_items":[],"bundle_sell_ids":[],"exclude_global_add_ons":[],"addons":[],"df_price":123.42,"df_sale_price":"","df_regular_price":123.42,"df_image_link":"https:\/\/zoca.es\/wp-content\/uploads\/images\/product\/10339\/dell01029_01-300x225.jpg","_links":{"self":[{"href":"https:\/\/zoca.es\/fr\/wp-json\/wp\/v2\/product\/119739","targetHints":{"allow":["GET"]}}],"collection":[{"href":"https:\/\/zoca.es\/fr\/wp-json\/wp\/v2\/product"}],"about":[{"href":"https:\/\/zoca.es\/fr\/wp-json\/wp\/v2\/types\/product"}],"wp:featuredmedia":[{"embeddable":true,"href":"https:\/\/zoca.es\/fr\/wp-json\/wp\/v2\/media\/119732"}],"wp:attachment":[{"href":"https:\/\/zoca.es\/fr\/wp-json\/wp\/v2\/media?parent=119739"}],"wp:term":[{"taxonomy":"product_brand","embeddable":true,"href":"https:\/\/zoca.es\/fr\/wp-json\/wp\/v2\/product_brand?post=119739"},{"taxonomy":"product_cat","embeddable":true,"href":"https:\/\/zoca.es\/fr\/wp-json\/wp\/v2\/product_cat?post=119739"},{"taxonomy":"product_tag","embeddable":true,"href":"https:\/\/zoca.es\/fr\/wp-json\/wp\/v2\/product_tag?post=119739"}],"curies":[{"name":"wp","href":"https:\/\/api.w.org\/{rel}","templated":true}]}}