{"id":119313,"date":"2024-11-13T09:45:22","date_gmt":"2024-11-13T08:45:22","guid":{"rendered":"https:\/\/zoca.es\/producto\/imprimante-matricielle-epson-plq-22m-reconditionne-fr-12968\/"},"modified":"2026-02-25T10:39:33","modified_gmt":"2026-02-25T09:39:33","slug":"imprimante-matricielle-epson-plq-22m-reconditionne-fr-12968","status":"publish","type":"product","link":"https:\/\/zoca.es\/fr\/produit\/imprimante-matricielle-epson-plq-22m-reconditionne-fr-12968\/","title":{"rendered":"Imprimante matricielle Epson PLQ-22M | Reconditionn\u00e9"},"content":{"rendered":"<p><strong>G\u00e9n\u00e9rale imprimante<\/strong><br \/>Chariot Estrecho<br \/>Colonnes 80<br \/>\u00c9pingles 24<br \/><strong>Copies<\/strong><br \/>Vitesse 480 cps<br \/>Nombre de copies 6<br \/>\u00c9mulation ESC\/P2, IBM PPDS, PR2<br \/><strong>Connectivit\u00e9 imprimante<\/strong><br \/>S\u00e9rie, Parall\u00e8le, USB<br \/><strong>Format papier<\/strong><br \/>Feuilles simples<br \/><strong>Consommables<\/strong><br \/>Ruban (inclus)<br \/><strong>Autres<\/strong><br \/>hR emballage<br \/><strong>Dimensions<\/strong><br \/>38.5x28x23 cm.<br \/><strong>Poids<\/strong><br \/>8.50 Kg.<br \/><strong>Sp\u00e9cifications suppl\u00e9mentaires<\/strong><br \/>L&rsquo;EPSON PLQ-22M est une imprimante con\u00e7ue pour les environnements \u00e0 forte demande, id\u00e9ale pour les bureaux et les banques o\u00f9 des impressions rapides et de haute qualit\u00e9 sont requises. Il offre des performances robustes et efficaces pour g\u00e9rer les documents avec pr\u00e9cision. Sa capacit\u00e9 \u00e0 imprimer sur plusieurs types de papier et son design compact en font une option pratique pour les espaces restreints. De plus, son faible niveau sonore et son efficacit\u00e9 \u00e9nerg\u00e9tique contribuent \u00e0 un environnement de travail confortable et \u00e0 des \u00e9conomies de consommation \u00e9lectrique.<br \/>Bon aspect ext\u00e9rieur. Si vous avez des questions, appelez-nous ou utilisez notre chat pour plus d&rsquo;informations ou pour demander plus de d\u00e9tails.<\/p>\n","protected":false},"excerpt":{"rendered":"<p>Colonnes 80 \u00b7 \u00c9pingles 24 \u00b7 Chariot Estrecho \u00b7 Vitesse 480 cps \u00b7 Nombre de copies 6 \u00b7 S\u00e9rie, Parall\u00e8le, USB \u00b7 Feuilles simples \u00b7 Ruban (Inclus)<\/p>\n","protected":false},"featured_media":119306,"template":"","meta":[],"product_brand":[3472],"product_cat":[2363,2393],"product_tag":[],"class_list":{"0":"post-119313","1":"product","2":"type-product","3":"status-publish","4":"has-post-thumbnail","6":"product_brand-epson","7":"product_cat-imprimantes-fr","8":"product_cat-imprimantes-financieres-fr","10":"first","11":"instock","12":"taxable","13":"shipping-taxable","14":"purchasable","15":"product-type-simple"},"bundled_by":[],"bundle_stock_status":"instock","bundle_stock_quantity":7,"bundle_virtual":false,"bundle_layout":"","bundle_add_to_cart_form_location":"","bundle_editable_in_cart":false,"bundle_sold_individually_context":"","bundle_item_grouping":"","bundle_min_size":"","bundle_max_size":"","bundle_price":[],"bundled_items":[],"bundle_sell_ids":[],"exclude_global_add_ons":[],"addons":[],"df_price":159.72,"df_sale_price":"","df_regular_price":159.72,"df_image_link":"https:\/\/zoca.es\/wp-content\/uploads\/images\/product\/12968\/epso00057_01-300x225.jpg","_links":{"self":[{"href":"https:\/\/zoca.es\/fr\/wp-json\/wp\/v2\/product\/119313","targetHints":{"allow":["GET"]}}],"collection":[{"href":"https:\/\/zoca.es\/fr\/wp-json\/wp\/v2\/product"}],"about":[{"href":"https:\/\/zoca.es\/fr\/wp-json\/wp\/v2\/types\/product"}],"wp:featuredmedia":[{"embeddable":true,"href":"https:\/\/zoca.es\/fr\/wp-json\/wp\/v2\/media\/119306"}],"wp:attachment":[{"href":"https:\/\/zoca.es\/fr\/wp-json\/wp\/v2\/media?parent=119313"}],"wp:term":[{"taxonomy":"product_brand","embeddable":true,"href":"https:\/\/zoca.es\/fr\/wp-json\/wp\/v2\/product_brand?post=119313"},{"taxonomy":"product_cat","embeddable":true,"href":"https:\/\/zoca.es\/fr\/wp-json\/wp\/v2\/product_cat?post=119313"},{"taxonomy":"product_tag","embeddable":true,"href":"https:\/\/zoca.es\/fr\/wp-json\/wp\/v2\/product_tag?post=119313"}],"curies":[{"name":"wp","href":"https:\/\/api.w.org\/{rel}","templated":true}]}}