{"id":116698,"date":"2024-10-15T14:44:31","date_gmt":"2024-10-15T13:44:31","guid":{"rendered":"https:\/\/zoca.es\/producto\/ibm-system-x3650-m3-rack-reconditionne-xeon-24ghz-8-gb-ram-72-gb-sas-fr-8224\/"},"modified":"2026-02-25T10:07:16","modified_gmt":"2026-02-25T09:07:16","slug":"ibm-system-x3650-m3-rack-reconditionne-xeon-24ghz-8-gb-ram-72-gb-sas-fr-8224","status":"publish","type":"product","link":"https:\/\/zoca.es\/fr\/produit\/ibm-system-x3650-m3-rack-reconditionne-xeon-24ghz-8-gb-ram-72-gb-sas-fr-8224\/","title":{"rendered":"IBM System X3650 M3 Rack | Reconditionn\u00e9 | Xeon 2.4GHz | 8 GB RAM | 72 GB SAS"},"content":{"rendered":"<p><strong>Processeur<\/strong><br \/>2x Intel Xeon E5620 2.4 GHz.<br \/><strong>Facteur de forme<\/strong><br \/>Rack  (2U)<br \/><strong>M\u00e9moire RAM<\/strong><br \/>8 Gb. DDR2 ECC RAM<br \/><strong>Disque dur<\/strong><br \/>2x 72 Gb. SAS 2.5\u00a0\u00bb 10000rpm<br \/>2x 146 Gb. SAS 2.5\u00a0\u00bb 10000rpm<br \/>8 emplacements  (4 vide )<br \/><strong>Lecteur optique<\/strong><br \/>DVD-RW<br \/><strong>Syst\u00e8me op\u00e9ratif<\/strong><br \/>COA Windows Server 2008 mis \u00e0 jour vers &#8211; Sans SO &#8211;<br \/><strong>Ports<\/strong><br \/>1x S\u00e9rie<br \/>4x USB 2.0<br \/><strong>Connectivit\u00e9<\/strong><br \/>2x RJ-45<br \/><strong>Source de courant<\/strong><br \/>1x Alimentations (Hotplug)<br \/><strong>Dimensions<\/strong><br \/>44.5&#215;70.5&#215;8.5 cm.<br \/><strong>Poids<\/strong><br \/>20.00 Kg.<br \/><strong>Sp\u00e9cifications suppl\u00e9mentaires<\/strong><br \/>Serveur id\u00e9al pour les entreprises qui ont besoin d&rsquo;un serveur fiable et \u00e9volutif. Avec 2 Intel De plus, il dispose de 8 baies d&rsquo;extension (4 vides), vous permettant d&rsquo;augmenter le stockage selon vos besoins. Sa capacit\u00e9 \u00e0 prendre en charge les configurations RAID et les disques rempla\u00e7ables \u00e0 chaud le rend parfait pour les environnements qui n\u00e9cessitent une haute disponibilit\u00e9 et flexibilit\u00e9.<br \/>Bonne apparence ext\u00e9rieure. Si vous avez des questions, appelez-nous ou utilisez notre chat pour plus d&rsquo;informations ou pour demander plus de d\u00e9tails.<\/p>\n<p><strong>Commentaires<\/strong><br \/><u>ServeurRAID M5010<\/u><\/p>\n","protected":false},"excerpt":{"rendered":"<p>2x Intel Xeon E5620 2.4 GHz. \u00b7 8 Gb. DDR2 ECC RAM \u00b7 2x 72 Gb. SAS 2.5\u00a0\u00bb 10000rpm \u00b7 2x 146 Gb. SAS 2.5\u00a0\u00bb 10000rpm \u00b7 8 emplacements  (4 vide ) \u00b7 DVD-RW \u00b7 <u>ServeurRAID M5010<\/u><\/p>\n","protected":false},"featured_media":116694,"template":"","meta":[],"product_brand":[3476],"product_cat":[2339,2345],"product_tag":[],"class_list":{"0":"post-116698","1":"product","2":"type-product","3":"status-publish","4":"has-post-thumbnail","6":"product_brand-ibm","7":"product_cat-serveurs-fr","8":"product_cat-serveurs-rack-fr","10":"first","11":"instock","12":"taxable","13":"shipping-taxable","14":"purchasable","15":"product-type-simple"},"bundled_by":[],"bundle_stock_status":"instock","bundle_stock_quantity":1,"bundle_virtual":false,"bundle_layout":"","bundle_add_to_cart_form_location":"","bundle_editable_in_cart":false,"bundle_sold_individually_context":"","bundle_item_grouping":"","bundle_min_size":"","bundle_max_size":"","bundle_price":[],"bundled_items":[],"bundle_sell_ids":[],"exclude_global_add_ons":[],"addons":[],"df_price":145.2,"df_sale_price":"","df_regular_price":145.2,"df_image_link":"https:\/\/zoca.es\/wp-content\/uploads\/images\/product\/8224\/ibm00042_01-300x225.jpg","_links":{"self":[{"href":"https:\/\/zoca.es\/fr\/wp-json\/wp\/v2\/product\/116698","targetHints":{"allow":["GET"]}}],"collection":[{"href":"https:\/\/zoca.es\/fr\/wp-json\/wp\/v2\/product"}],"about":[{"href":"https:\/\/zoca.es\/fr\/wp-json\/wp\/v2\/types\/product"}],"wp:featuredmedia":[{"embeddable":true,"href":"https:\/\/zoca.es\/fr\/wp-json\/wp\/v2\/media\/116694"}],"wp:attachment":[{"href":"https:\/\/zoca.es\/fr\/wp-json\/wp\/v2\/media?parent=116698"}],"wp:term":[{"taxonomy":"product_brand","embeddable":true,"href":"https:\/\/zoca.es\/fr\/wp-json\/wp\/v2\/product_brand?post=116698"},{"taxonomy":"product_cat","embeddable":true,"href":"https:\/\/zoca.es\/fr\/wp-json\/wp\/v2\/product_cat?post=116698"},{"taxonomy":"product_tag","embeddable":true,"href":"https:\/\/zoca.es\/fr\/wp-json\/wp\/v2\/product_tag?post=116698"}],"curies":[{"name":"wp","href":"https:\/\/api.w.org\/{rel}","templated":true}]}}