{"id":113016,"date":"2024-08-13T17:10:17","date_gmt":"2024-08-13T16:10:20","guid":{"rendered":"https:\/\/zoca.es\/producto\/dell-poweredge-r720-2u-rack-reconditionne-xeon-octa-core-27ghz-256-gb-ram-sas-fr-12645\/"},"modified":"2025-01-29T15:38:46","modified_gmt":"2025-01-29T14:38:46","slug":"dell-poweredge-r720-2u-rack-reconditionne-xeon-octa-core-27ghz-256-gb-ram-sas-fr-12645","status":"publish","type":"product","link":"https:\/\/zoca.es\/fr\/produit\/dell-poweredge-r720-2u-rack-reconditionne-xeon-octa-core-27ghz-256-gb-ram-sas-fr-12645\/","title":{"rendered":"Dell PowerEdge R720 2U Rack | Reconditionn\u00e9 | Xeon Octa Core 2.7GHz | 256 GB RAM | SAS"},"content":{"rendered":"<p><strong>Processeur<\/strong><br \/>2x Intel Xeon Octa Core E5-2680 2.7 GHz.<br \/><strong>Facteur de forme<\/strong><br \/>Rack  (2U)<br \/><strong>M\u00e9moire RAM<\/strong><br \/>256 Gb. DDR3 ECC RAM<br \/>24 emplacements  (0 vide )<br \/><strong>Disque dur<\/strong><br \/>SAS 2.5\u00a0\u00bb<br \/>15 emplacements<br \/><strong>Lecteur optique<\/strong><br \/>DVD<br \/><strong>Cartes<\/strong><br \/>Graphique: intel HD Graphics<br \/>Son: HD Audio<br \/>R\u00e9seau: Broadcom 5720<br \/><strong>Syst\u00e8me op\u00e9ratif<\/strong><br \/>&#8211; Sans SO &#8211;<br \/><strong>Ports<\/strong><br \/>1x S\u00e9rie<br \/>4x USB 2.0<br \/><strong>Multim\u00e9dias<\/strong><br \/>Lecteur SD<br \/><strong>Connectivit\u00e9<\/strong><br \/>4x RJ-45<br \/><strong>Source de courant<\/strong><br \/>2x Alimentations (Hotplug)<br \/><strong>Autres<\/strong><br \/>Guides inclus<br \/>hR emballage<br \/><strong>Dimensions<\/strong><br \/>44.4&#215;71.6&#215;8.7 cm.<br \/><strong>Poids<\/strong><br \/>20.00 Kg.<br \/><strong>Sp\u00e9cifications suppl\u00e9mentaires<\/strong><br \/>\u00cates-vous \u00e0 la recherche d\u2019un serveur que vous pouvez personnaliser selon vos besoins ? D\u00e9couvrez notre serveur barebone&nbsp;! Lors de son achat, vous recevrez une base avec 256 Go de RAM et sans disques durs ni SSD, vous pourrez donc ajouter ceux qui vous conviennent le mieux. De plus, il pr\u00e9sente un aspect ext\u00e9rieur tr\u00e8s soign\u00e9. Si vous avez des questions ou souhaitez plus d&rsquo;informations, n&rsquo;h\u00e9sitez pas \u00e0 nous appeler ou \u00e0 utiliser notre chat. Nous serons heureux de vous aider \u00e0 choisir le serveur qui correspond le mieux \u00e0 vos besoins.<\/p>\n<p><strong>Commentaires<\/strong><br \/><u>1xiLO \u2013 1xPerc H710<\/u><\/p>\n","protected":false},"excerpt":{"rendered":"<p>2x Intel Xeon Octa Core E5-2680 2.7 GHz. \u00b7 256 Gb. DDR3 ECC RAM \u00b7 24 emplacements  (0 vide ) \u00b7 SAS 2.5\u00a0\u00bb \u00b7 15 emplacements \u00b7 DVD \u00b7 <u>1xiLO \u2013 1xPerc H710<\/u><\/p>\n","protected":false},"featured_media":113009,"template":"","meta":[],"product_brand":[3445],"product_cat":[2339,2345],"product_tag":[],"class_list":{"0":"post-113016","1":"product","2":"type-product","3":"status-publish","4":"has-post-thumbnail","6":"product_brand-dell","7":"product_cat-serveurs-fr","8":"product_cat-serveurs-rack-fr","10":"first","11":"outofstock","12":"taxable","13":"shipping-taxable","14":"purchasable","15":"product-type-simple"},"bundled_by":[],"bundle_stock_status":"outofstock","bundle_stock_quantity":0,"bundle_virtual":false,"bundle_layout":"","bundle_add_to_cart_form_location":"","bundle_editable_in_cart":false,"bundle_sold_individually_context":"","bundle_item_grouping":"","bundle_min_size":"","bundle_max_size":"","bundle_price":[],"bundled_items":[],"bundle_sell_ids":[],"exclude_global_add_ons":[],"addons":[],"df_price":1086.58,"df_sale_price":"","df_regular_price":1086.58,"df_image_link":"https:\/\/zoca.es\/wp-content\/uploads\/images\/product\/12645\/dell01315_01-300x225.jpg","_links":{"self":[{"href":"https:\/\/zoca.es\/fr\/wp-json\/wp\/v2\/product\/113016","targetHints":{"allow":["GET"]}}],"collection":[{"href":"https:\/\/zoca.es\/fr\/wp-json\/wp\/v2\/product"}],"about":[{"href":"https:\/\/zoca.es\/fr\/wp-json\/wp\/v2\/types\/product"}],"wp:featuredmedia":[{"embeddable":true,"href":"https:\/\/zoca.es\/fr\/wp-json\/wp\/v2\/media\/113009"}],"wp:attachment":[{"href":"https:\/\/zoca.es\/fr\/wp-json\/wp\/v2\/media?parent=113016"}],"wp:term":[{"taxonomy":"product_brand","embeddable":true,"href":"https:\/\/zoca.es\/fr\/wp-json\/wp\/v2\/product_brand?post=113016"},{"taxonomy":"product_cat","embeddable":true,"href":"https:\/\/zoca.es\/fr\/wp-json\/wp\/v2\/product_cat?post=113016"},{"taxonomy":"product_tag","embeddable":true,"href":"https:\/\/zoca.es\/fr\/wp-json\/wp\/v2\/product_tag?post=113016"}],"curies":[{"name":"wp","href":"https:\/\/api.w.org\/{rel}","templated":true}]}}