{"id":110357,"date":"2024-07-10T10:14:17","date_gmt":"2024-07-10T09:14:17","guid":{"rendered":"https:\/\/zoca.es\/producto\/switch-cisco-ws-c3750g-24ts-s-reconditionne-fr-12481\/"},"modified":"2026-02-25T09:55:14","modified_gmt":"2026-02-25T08:55:14","slug":"switch-cisco-ws-c3750g-24ts-s-reconditionne-fr-12481","status":"publish","type":"product","link":"https:\/\/zoca.es\/fr\/produit\/switch-cisco-ws-c3750g-24ts-s-reconditionne-fr-12481\/","title":{"rendered":"Switch CISCO WS-C3750G-24TS-S | Reconditionn\u00e9"},"content":{"rendered":"<p><strong>G\u00e9n\u00e9rale imprimante<\/strong><br \/>Switch<br \/><strong>Ports r\u00e9seau<\/strong><br \/>24x Ethernet 1000 Mbps.<br \/>4x Fibre 1000 Mbps.<br \/><strong>Autres<\/strong><br \/>hR emballage<br \/><strong>Dimensions<\/strong><br \/>44.5x30x6.6 cm.<br \/><strong>Poids<\/strong><br \/>5.70 Kg.<\/p>\n","protected":false},"excerpt":{"rendered":"<p>Switch \u00b7 24x Ethernet 1000 Mbps. \u00b7 4x Fibre 1000 Mbps. \u00b7 Montage en rack<\/p>\n","protected":false},"featured_media":110353,"template":"","meta":[],"product_brand":[3477],"product_cat":[3211,80],"product_tag":[],"class_list":{"0":"post-110357","1":"product","2":"type-product","3":"status-publish","4":"has-post-thumbnail","6":"product_brand-cisco","7":"product_cat-networking-switches-fr","8":"product_cat-networking-fr","10":"first","11":"instock","12":"taxable","13":"shipping-taxable","14":"purchasable","15":"product-type-simple"},"bundled_by":[],"bundle_stock_status":"instock","bundle_stock_quantity":1,"bundle_virtual":false,"bundle_layout":"","bundle_add_to_cart_form_location":"","bundle_editable_in_cart":false,"bundle_sold_individually_context":"","bundle_item_grouping":"","bundle_min_size":"","bundle_max_size":"","bundle_price":[],"bundled_items":[],"bundle_sell_ids":[],"exclude_global_add_ons":[],"addons":[],"df_price":87.12,"df_sale_price":"","df_regular_price":87.12,"df_image_link":"https:\/\/zoca.es\/wp-content\/uploads\/images\/product\/12481\/cisc00083_01-300x225.jpg","_links":{"self":[{"href":"https:\/\/zoca.es\/fr\/wp-json\/wp\/v2\/product\/110357","targetHints":{"allow":["GET"]}}],"collection":[{"href":"https:\/\/zoca.es\/fr\/wp-json\/wp\/v2\/product"}],"about":[{"href":"https:\/\/zoca.es\/fr\/wp-json\/wp\/v2\/types\/product"}],"wp:featuredmedia":[{"embeddable":true,"href":"https:\/\/zoca.es\/fr\/wp-json\/wp\/v2\/media\/110353"}],"wp:attachment":[{"href":"https:\/\/zoca.es\/fr\/wp-json\/wp\/v2\/media?parent=110357"}],"wp:term":[{"taxonomy":"product_brand","embeddable":true,"href":"https:\/\/zoca.es\/fr\/wp-json\/wp\/v2\/product_brand?post=110357"},{"taxonomy":"product_cat","embeddable":true,"href":"https:\/\/zoca.es\/fr\/wp-json\/wp\/v2\/product_cat?post=110357"},{"taxonomy":"product_tag","embeddable":true,"href":"https:\/\/zoca.es\/fr\/wp-json\/wp\/v2\/product_tag?post=110357"}],"curies":[{"name":"wp","href":"https:\/\/api.w.org\/{rel}","templated":true}]}}