{"id":110125,"date":"2024-07-05T12:57:59","date_gmt":"2024-07-05T11:57:59","guid":{"rendered":"https:\/\/zoca.es\/producto\/dell-e5500-154-reconditionne-core-2-duo-226ghz-2-gb-ram-160-gb-hdd-1280x800-fr-12397\/"},"modified":"2026-02-25T09:58:58","modified_gmt":"2026-02-25T08:58:58","slug":"dell-e5500-154-reconditionne-core-2-duo-226ghz-2-gb-ram-160-gb-hdd-1280x800-fr-12397","status":"publish","type":"product","link":"https:\/\/zoca.es\/fr\/produit\/dell-e5500-154-reconditionne-core-2-duo-226ghz-2-gb-ram-160-gb-hdd-1280x800-fr-12397\/","title":{"rendered":"Dell E5500 15.4\u00a0\u00bb | Reconditionn\u00e9 | Core 2 Duo 2.26GHz | 2 GB RAM | 160 GB HDD 1280&#215;800"},"content":{"rendered":"<p><strong>Processeur<\/strong><br \/>Intel Core 2 Duo P8400 2.26 GHz.<br \/><strong>M\u00e9moire RAM<\/strong><br \/>2 Gb. SO-DDR2 RAM<br \/><strong>Disque dur<\/strong><br \/>160 Gb. SATA<br \/><strong>Lecteur optique<\/strong><br \/>DVD-RW<br \/><strong>Cartes<\/strong><br \/>Graphique: INTEL MOBILE 4<br \/>Son: High Definition Audio<br \/>R\u00e9seau: Broadcom Netxtreme BCM5761e<br \/><strong>Syst\u00e8me op\u00e9ratif<\/strong><br \/>Ubuntu GNU\/Linux<br \/><strong>Ports<\/strong><br \/>S\u00e9rie<br \/>4x USB 2.0<br \/>Firewire<br \/><strong>\u00c9cran<\/strong><br \/>LCD 15.4 \u00a0\u00bb HD 16:9  \u00b7 R\u00e9solution 1280&#215;800<br \/><strong>Autres ports<\/strong><br \/>PCMCIA<br \/><strong>Ports vid\u00e9o<\/strong><br \/>VGA<br \/><strong>Connectivit\u00e9<\/strong><br \/>RJ-45<br \/>WIFI<br \/><strong>Notebook sp\u00e9cifique<\/strong><br \/>Batterie Morte<br \/>Langue du clavier Espagnol<br \/><strong>Dimensions<\/strong><br \/>35.5&#215;25.8&#215;4 cm.<br \/><strong>Poids<\/strong><br \/>2.90 Kg.<br \/><strong>Sp\u00e9cifications suppl\u00e9mentaires<\/strong><br \/>Bon aspect ext\u00e9rieur. Certaines cl\u00e9s sont us\u00e9es. Batterie \u00e9puis\u00e9e. Regardez dans \u00ab + Photos \u00bb et \u00ab Vid\u00e9o \u00bb et si vous avez des questions, appelez-nous ou utilisez notre chat pour plus d&rsquo;informations ou pour demander plus de d\u00e9tails.<\/p>\n<p><strong>Commentaires<\/strong><br \/><u>Comprend un port s\u00e9rie &#8211; Batterie \u00e9puis\u00e9e &#8211; Petite usure des cl\u00e9s.<\/u><\/p>\n","protected":false},"excerpt":{"rendered":"<p>Intel Core 2 Duo P8400 2.26 GHz. \u00b7 2 Gb. SO-DDR2 RAM \u00b7 160 Gb. SATA \u00b7 DVD-RW \u00b7 Ubuntu GNU\/Linux \u00b7 LCD 15.4 \u00a0\u00bb HD 16:9  \u00b7 R\u00e9solution 1280&#215;800 \u00b7 <u>Comprend un port s\u00e9rie &#8211; Batterie \u00e9puis\u00e9e &#8211; Petite usure des cl\u00e9s.<\/u><\/p>\n","protected":false},"featured_media":110091,"template":"","meta":[],"product_brand":[3445],"product_cat":[2254,3121],"product_tag":[],"class_list":{"0":"post-110125","1":"product","2":"type-product","3":"status-publish","4":"has-post-thumbnail","6":"product_brand-dell","7":"product_cat-notebooks-fr","8":"product_cat-notebooks-notebooks-fr","10":"first","11":"instock","12":"taxable","13":"shipping-taxable","14":"purchasable","15":"product-type-simple"},"bundled_by":[],"bundle_stock_status":"instock","bundle_stock_quantity":1,"bundle_virtual":false,"bundle_layout":"","bundle_add_to_cart_form_location":"","bundle_editable_in_cart":false,"bundle_sold_individually_context":"","bundle_item_grouping":"","bundle_min_size":"","bundle_max_size":"","bundle_price":[],"bundled_items":[],"bundle_sell_ids":[],"exclude_global_add_ons":true,"addons":{"keyboard-iso-upgrades":{"name":"Choisir langue du clavier","type":"multiple_choice","position":0,"required":false,"title_format":"heading","default":"","description_enable":false,"description":"","placeholder_enable":false,"placeholder":"","display":"radiobutton","restrictions_type":"any_text","adjust_price":false,"price":"","price_type":"quantity_based","restrictions":false,"min":"0","max":"0","options":[{"label":"Autocollants fran\u00e7ais [AMP00084]","price":"0.0000","price_type":"quantity_based","image":0,"visibility":true},{"label":"Autocollants portugais [AMP00083]","price":"0.0000","price_type":"quantity_based","image":0,"visibility":true}]},"webcam-upgrades":{"name":"Extension Webcam","type":"multiple_choice","position":0,"required":false,"title_format":"heading","default":"","description_enable":false,"description":"","placeholder_enable":false,"placeholder":"","display":"radiobutton","restrictions_type":"any_text","adjust_price":false,"price":"","price_type":"quantity_based","restrictions":false,"min":"0","max":"0","options":[{"label":"Conceptronic AMDIS FullHD [AMP00085]","price":"29.0000","price_type":"quantity_based","image":0,"visibility":true}]},"hdd-upgrades":{"name":"Extension disque dur","type":"multiple_choice","position":0,"required":false,"title_format":"heading","default":"","description_enable":false,"description":"","placeholder_enable":false,"placeholder":"","display":"radiobutton","restrictions_type":"any_text","adjust_price":false,"price":"","price_type":"quantity_based","restrictions":false,"min":"0","max":"0","options":[{"label":"Passez au disque SSD de 120 Gb. [AMP00012]","price":"25.0000","price_type":"quantity_based","image":0,"visibility":true},{"label":"Passez au disque SSD de 240 Gb. [AMP00013]","price":"35.0000","price_type":"quantity_based","image":0,"visibility":true},{"label":"Passez au disque SSD de 480 Gb. [AMP00014]","price":"59.0000","price_type":"quantity_based","image":0,"visibility":true},{"label":"Passez au disque SSD 1 Tb. [AMP00071]","price":"95.0000","price_type":"quantity_based","image":0,"visibility":true}]},"briefcase-upgrades":{"name":"Porte-documents","type":"multiple_choice","position":0,"required":false,"title_format":"heading","default":"","description_enable":false,"description":"","placeholder_enable":false,"placeholder":"","display":"radiobutton","restrictions_type":"any_text","adjust_price":false,"price":"","price_type":"quantity_based","restrictions":false,"min":"0","max":"0","options":[{"label":"Mallette Notebook [AMP00041]","price":"5.0000","price_type":"quantity_based","image":0,"visibility":true}]}},"df_price":281.93,"df_sale_price":"","df_regular_price":281.93,"df_image_link":"https:\/\/zoca.es\/wp-content\/uploads\/images\/product\/12397\/dell01283_01-300x225.jpg","_links":{"self":[{"href":"https:\/\/zoca.es\/fr\/wp-json\/wp\/v2\/product\/110125","targetHints":{"allow":["GET"]}}],"collection":[{"href":"https:\/\/zoca.es\/fr\/wp-json\/wp\/v2\/product"}],"about":[{"href":"https:\/\/zoca.es\/fr\/wp-json\/wp\/v2\/types\/product"}],"wp:featuredmedia":[{"embeddable":true,"href":"https:\/\/zoca.es\/fr\/wp-json\/wp\/v2\/media\/110091"}],"wp:attachment":[{"href":"https:\/\/zoca.es\/fr\/wp-json\/wp\/v2\/media?parent=110125"}],"wp:term":[{"taxonomy":"product_brand","embeddable":true,"href":"https:\/\/zoca.es\/fr\/wp-json\/wp\/v2\/product_brand?post=110125"},{"taxonomy":"product_cat","embeddable":true,"href":"https:\/\/zoca.es\/fr\/wp-json\/wp\/v2\/product_cat?post=110125"},{"taxonomy":"product_tag","embeddable":true,"href":"https:\/\/zoca.es\/fr\/wp-json\/wp\/v2\/product_tag?post=110125"}],"curies":[{"name":"wp","href":"https:\/\/api.w.org\/{rel}","templated":true}]}}