{"id":107742,"date":"2024-06-12T17:10:01","date_gmt":"2024-06-12T16:10:01","guid":{"rendered":"https:\/\/zoca.es\/producto\/netgear-meural-mc327-27-lcd-169-reconditionne-1920x1080-fr-12314\/"},"modified":"2026-02-25T09:38:08","modified_gmt":"2026-02-25T08:38:08","slug":"netgear-meural-mc327-27-lcd-169-reconditionne-1920x1080-fr-12314","status":"publish","type":"product","link":"https:\/\/zoca.es\/fr\/produit\/netgear-meural-mc327-27-lcd-169-reconditionne-1920x1080-fr-12314\/","title":{"rendered":"NETGEAR Meural MC327 27\u00a0\u00bb LCD 16:9 | Reconditionn\u00e9 | 1920&#215;1080"},"content":{"rendered":"<p><strong>\u00c9cran<\/strong><br \/>LCD 27 \u00a0\u00bb FullHD 16:9  \u00b7 R\u00e9solution 1920&#215;1080<br \/>Dot pitch 0.01 mm<br \/>R\u00e9ponse 1 ms<br \/>Contraste 1000:1<br \/>Luminosit\u00e9 300 cd\/m2<br \/><strong>Autres<\/strong><br \/>hR emballage<br \/><strong>Dimensions<\/strong><br \/>47.24&#215;73.4&#215;3.5 cm.<br \/><strong>Poids<\/strong><br \/>8.90 Kg.<br \/><strong>Sp\u00e9cifications suppl\u00e9mentaires<\/strong><br \/>Avec le Meural Canvas II MC327 Blanc 27&Prime;, personnalisez l&rsquo;art sur votre mur pour am\u00e9liorer l&rsquo;ambiance de vos visites. Avec ce cadre photo num\u00e9rique, vous pouvez choisir parmi plus de trente mille \u0153uvres d&rsquo;art de mus\u00e9es, d&rsquo;artistes et de collections d&rsquo;images de tous dans le monde entier. Vous pouvez \u00e9galement projeter vos propres images et publicit\u00e9s. Bonne apparence ext\u00e9rieure. Si vous avez des questions, appelez-nous ou utilisez notre chat pour plus d&rsquo;informations ou pour demander plus de d\u00e9tails.<\/p>\n<p><strong>Commentaires<\/strong><br \/><u>Cadre Photo Num\u00e9rique &#8211; 27<\/u><\/p>\n","protected":false},"excerpt":{"rendered":"<p><u>Cadre Photo Num\u00e9rique &#8211; 27&Prime; &#8211; 1920&#215;1080 &#8211; USB \/ Bluetooth \/ Carte SD<\/u><\/p>\n","protected":false},"featured_media":107735,"template":"","meta":[],"product_brand":[4057],"product_cat":[2237,3127],"product_tag":[],"class_list":{"0":"post-107742","1":"product","2":"type-product","3":"status-publish","4":"has-post-thumbnail","6":"product_brand-netgear","7":"product_cat-moniteurs-fr","8":"product_cat-moniteurs-moniteurs-fr","10":"first","11":"instock","12":"taxable","13":"shipping-taxable","14":"purchasable","15":"product-type-simple"},"bundled_by":[],"bundle_stock_status":"instock","bundle_stock_quantity":1,"bundle_virtual":false,"bundle_layout":"","bundle_add_to_cart_form_location":"","bundle_editable_in_cart":false,"bundle_sold_individually_context":"","bundle_item_grouping":"","bundle_min_size":"","bundle_max_size":"","bundle_price":[],"bundled_items":[],"bundle_sell_ids":[],"exclude_global_add_ons":[],"addons":[],"df_price":680.02,"df_sale_price":"","df_regular_price":680.02,"df_image_link":"https:\/\/zoca.es\/wp-content\/uploads\/images\/product\/12314\/clon00121_01-300x225.jpg","_links":{"self":[{"href":"https:\/\/zoca.es\/fr\/wp-json\/wp\/v2\/product\/107742","targetHints":{"allow":["GET"]}}],"collection":[{"href":"https:\/\/zoca.es\/fr\/wp-json\/wp\/v2\/product"}],"about":[{"href":"https:\/\/zoca.es\/fr\/wp-json\/wp\/v2\/types\/product"}],"wp:featuredmedia":[{"embeddable":true,"href":"https:\/\/zoca.es\/fr\/wp-json\/wp\/v2\/media\/107735"}],"wp:attachment":[{"href":"https:\/\/zoca.es\/fr\/wp-json\/wp\/v2\/media?parent=107742"}],"wp:term":[{"taxonomy":"product_brand","embeddable":true,"href":"https:\/\/zoca.es\/fr\/wp-json\/wp\/v2\/product_brand?post=107742"},{"taxonomy":"product_cat","embeddable":true,"href":"https:\/\/zoca.es\/fr\/wp-json\/wp\/v2\/product_cat?post=107742"},{"taxonomy":"product_tag","embeddable":true,"href":"https:\/\/zoca.es\/fr\/wp-json\/wp\/v2\/product_tag?post=107742"}],"curies":[{"name":"wp","href":"https:\/\/api.w.org\/{rel}","templated":true}]}}