{"id":105911,"date":"2024-05-21T12:36:07","date_gmt":"2024-05-21T11:36:09","guid":{"rendered":"https:\/\/zoca.es\/producto\/disque-dur-hardware-refurbished-adaptador-disco-25-a-35-unika-reconditionne-fr-7588\/"},"modified":"2026-01-29T09:50:52","modified_gmt":"2026-01-29T08:50:52","slug":"disque-dur-hardware-refurbished-adaptador-disco-25-a-35-unika-reconditionne-fr-7588","status":"publish","type":"product","link":"https:\/\/zoca.es\/fr\/produit\/disque-dur-hardware-refurbished-adaptador-disco-25-a-35-unika-reconditionne-fr-7588\/","title":{"rendered":"UNIKA Adaptateur Disque 2 Composant Composants"},"content":{"rendered":"<table class=\"table\" aria-describedby=\"heading-fiche-technique\">\n<caption class=\"sr-only\">Fiche technique du produit<\/caption>\n<tbody>\n<tr class=\"compont d-flex\">\n<th scope=\"row\" class=\"col-4\">Type<\/th>\n<td class=\"col-8\">Adaptateur disque dur<\/td>\n<\/tr>\n<tr class=\"compont d-flex\">\n<th scope=\"row\" class=\"col-4\">Compatibilit\u00e9<\/th>\n<td class=\"col-8\">Disques 2,5\u2019\u2019 (HDD\/SSD) vers emplacements 3,5\u2019\u2019<\/td>\n<\/tr>\n<tr class=\"compont d-flex\">\n<th scope=\"row\" class=\"col-4\">Installation<\/th>\n<td class=\"col-8\">Facile, sans outils sp\u00e9cifiques<\/td>\n<\/tr>\n<tr class=\"compont d-flex\">\n<th scope=\"row\" class=\"col-4\">Mat\u00e9riau<\/th>\n<td class=\"col-8\">M\u00e9tal et plastique renforc\u00e9<\/td>\n<\/tr>\n<tr class=\"compont d-flex\">\n<th scope=\"row\" class=\"col-4\">\u00c9tat<\/th>\n<td class=\"col-8\">Reconditionn\u00e9, test\u00e9 et garanti<\/td>\n<\/tr>\n<tr class=\"compont d-flex\">\n<th scope=\"row\" class=\"col-4\">Garantie<\/th>\n<td class=\"col-8\">12 mois<\/td>\n<\/tr>\n<\/tbody>\n<\/table>\n","protected":false},"excerpt":{"rendered":"<p>Simplifiez vos installations avec l\u2019adaptateur de disque dur UNIKA reconditionn\u00e9. Con\u00e7u pour convertir un disque 2,5\u2019\u2019 en format 3,5\u2019\u2019, il permet une int\u00e9gration facile dans vos PC de bureau et serveurs. Fiable, pratique et durable, il assure une compatibilit\u00e9 maximale avec diff\u00e9rents bo\u00eetiers. Une solution \u00e9conomique et \u00e9cologique pour prolonger la vie de vos \u00e9quipements informatiques.<\/p>\n","protected":false},"featured_media":105907,"template":"","meta":[],"product_brand":[],"product_cat":[2406,2415,2424,2430],"product_tag":[],"class_list":{"0":"post-105911","1":"product","2":"type-product","3":"status-publish","4":"has-post-thumbnail","6":"product_cat-composants-fr","7":"product_cat-composants-disques-dur-fr","8":"product_cat-composants-disques-dur-sata-fr","9":"product_cat-composants-disques-dur-ssd-fr","11":"first","12":"instock","13":"taxable","14":"shipping-taxable","15":"purchasable","16":"product-type-simple"},"bundled_by":[],"bundle_stock_status":"instock","bundle_stock_quantity":96,"bundle_virtual":false,"bundle_layout":"","bundle_add_to_cart_form_location":"","bundle_editable_in_cart":false,"bundle_sold_individually_context":"","bundle_item_grouping":"","bundle_min_size":"","bundle_max_size":"","bundle_price":[],"bundled_items":[],"bundle_sell_ids":[],"exclude_global_add_ons":[],"addons":[],"df_price":8.47,"df_sale_price":"","df_regular_price":8.47,"df_image_link":"https:\/\/zoca.es\/wp-content\/uploads\/images\/product\/7588\/adapt3525unk_01-300x225.jpg","_links":{"self":[{"href":"https:\/\/zoca.es\/fr\/wp-json\/wp\/v2\/product\/105911","targetHints":{"allow":["GET"]}}],"collection":[{"href":"https:\/\/zoca.es\/fr\/wp-json\/wp\/v2\/product"}],"about":[{"href":"https:\/\/zoca.es\/fr\/wp-json\/wp\/v2\/types\/product"}],"wp:featuredmedia":[{"embeddable":true,"href":"https:\/\/zoca.es\/fr\/wp-json\/wp\/v2\/media\/105907"}],"wp:attachment":[{"href":"https:\/\/zoca.es\/fr\/wp-json\/wp\/v2\/media?parent=105911"}],"wp:term":[{"taxonomy":"product_brand","embeddable":true,"href":"https:\/\/zoca.es\/fr\/wp-json\/wp\/v2\/product_brand?post=105911"},{"taxonomy":"product_cat","embeddable":true,"href":"https:\/\/zoca.es\/fr\/wp-json\/wp\/v2\/product_cat?post=105911"},{"taxonomy":"product_tag","embeddable":true,"href":"https:\/\/zoca.es\/fr\/wp-json\/wp\/v2\/product_tag?post=105911"}],"curies":[{"name":"wp","href":"https:\/\/api.w.org\/{rel}","templated":true}]}}