{"id":103743,"date":"2024-04-23T10:03:00","date_gmt":"2024-04-23T09:03:00","guid":{"rendered":"https:\/\/zoca.es\/producto\/point-dacces-cisco-air-cap3602i-e-k9-v01-reconditionne-fr-11818\/"},"modified":"2026-02-25T10:15:52","modified_gmt":"2026-02-25T09:15:52","slug":"point-dacces-cisco-air-cap3602i-e-k9-v01-reconditionne-fr-11818","status":"publish","type":"product","link":"https:\/\/zoca.es\/fr\/produit\/point-dacces-cisco-air-cap3602i-e-k9-v01-reconditionne-fr-11818\/","title":{"rendered":"Point d&rsquo;acc\u00e8s CISCO AIR-CAP3602I-E-K9 v01 | Reconditionn\u00e9"},"content":{"rendered":"<p><strong>G\u00e9n\u00e9rale imprimante<\/strong><br \/>Point d&rsquo;acc\u00e8s<br \/><strong>Ports r\u00e9seau<\/strong><br \/>Ethernet 1000 Mbps.<br \/><strong>Dimensions<\/strong><br \/>22.5x22x6 cm.<br \/><strong>Poids<\/strong><br \/>2.00 Kg.<br \/><strong>Sp\u00e9cifications suppl\u00e9mentaires<\/strong><br \/>Bon aspect ext\u00e9rieur. Si vous avez des questions, appelez-nous ou utilisez notre chat pour plus d&rsquo;informations ou pour demander plus de d\u00e9tails.<\/p>\n<p><strong>Commentaires<\/strong><br \/><u>2,4\/5 GHz &#8211; PoE &#8211; 1xGigabit Ethernet \u2013 4 antennes Dual Band \u2013 Wi-FI a\/b\/g\/n<\/u><\/p>\n","protected":false},"excerpt":{"rendered":"<p>Point d&rsquo;acc\u00e8s \u00b7 Ethernet 1000 Mbps. \u00b7 <u>2,4\/5 GHz &#8211; PoE &#8211; 1xGigabit Ethernet \u2013 4 antennes Dual Band \u2013 Wi-FI a\/b\/g\/n<\/u><\/p>\n","protected":false},"featured_media":103736,"template":"","meta":[],"product_brand":[3477],"product_cat":[3217,80],"product_tag":[],"class_list":{"0":"post-103743","1":"product","2":"type-product","3":"status-publish","4":"has-post-thumbnail","6":"product_brand-cisco","7":"product_cat-networking-wireless-fr","8":"product_cat-networking-fr","10":"first","11":"instock","12":"taxable","13":"shipping-taxable","14":"purchasable","15":"product-type-simple"},"bundled_by":[],"bundle_stock_status":"instock","bundle_stock_quantity":2,"bundle_virtual":false,"bundle_layout":"","bundle_add_to_cart_form_location":"","bundle_editable_in_cart":false,"bundle_sold_individually_context":"","bundle_item_grouping":"","bundle_min_size":"","bundle_max_size":"","bundle_price":[],"bundled_items":[],"bundle_sell_ids":[],"exclude_global_add_ons":[],"addons":[],"df_price":145.2,"df_sale_price":"","df_regular_price":145.2,"df_image_link":"https:\/\/zoca.es\/wp-content\/uploads\/images\/product\/11818\/cisc00054_01-300x225.jpg","_links":{"self":[{"href":"https:\/\/zoca.es\/fr\/wp-json\/wp\/v2\/product\/103743","targetHints":{"allow":["GET"]}}],"collection":[{"href":"https:\/\/zoca.es\/fr\/wp-json\/wp\/v2\/product"}],"about":[{"href":"https:\/\/zoca.es\/fr\/wp-json\/wp\/v2\/types\/product"}],"wp:featuredmedia":[{"embeddable":true,"href":"https:\/\/zoca.es\/fr\/wp-json\/wp\/v2\/media\/103736"}],"wp:attachment":[{"href":"https:\/\/zoca.es\/fr\/wp-json\/wp\/v2\/media?parent=103743"}],"wp:term":[{"taxonomy":"product_brand","embeddable":true,"href":"https:\/\/zoca.es\/fr\/wp-json\/wp\/v2\/product_brand?post=103743"},{"taxonomy":"product_cat","embeddable":true,"href":"https:\/\/zoca.es\/fr\/wp-json\/wp\/v2\/product_cat?post=103743"},{"taxonomy":"product_tag","embeddable":true,"href":"https:\/\/zoca.es\/fr\/wp-json\/wp\/v2\/product_tag?post=103743"}],"curies":[{"name":"wp","href":"https:\/\/api.w.org\/{rel}","templated":true}]}}