{"id":103734,"date":"2024-04-23T09:34:44","date_gmt":"2024-04-23T08:34:46","guid":{"rendered":"https:\/\/zoca.es\/producto\/point-dacces-clonico-aerohive-ap130-reconditionne-fr-11840\/"},"modified":"2026-01-29T09:50:47","modified_gmt":"2026-01-29T08:50:47","slug":"point-dacces-clonico-aerohive-ap130-reconditionne-fr-11840","status":"publish","type":"product","link":"https:\/\/zoca.es\/fr\/produit\/point-dacces-clonico-aerohive-ap130-reconditionne-fr-11840\/","title":{"rendered":"Point d&rsquo;acc\u00e8s Clonico Aerohive AP130"},"content":{"rendered":"<table class=\"table\" aria-describedby=\"heading-fiche-technique\">\n<caption class=\"sr-only\">Fiche technique du produit<\/caption>\n<tbody>\n<tr class=\"compont d-flex\">\n<th scope=\"row\" class=\"col-4\">Type<\/th>\n<td class=\"col-8\">Point d&rsquo;acc\u00e8s<\/td>\n<\/tr>\n<tr class=\"compont d-flex\">\n<th scope=\"row\" class=\"col-4\">Fr\u00e9quences<\/th>\n<td class=\"col-8\">2,4 \/ 5 GHz<\/td>\n<\/tr>\n<tr class=\"compont d-flex\">\n<th scope=\"row\" class=\"col-4\">Alimentation<\/th>\n<td class=\"col-8\">PoE<\/td>\n<\/tr>\n<tr class=\"compont d-flex\">\n<th scope=\"row\" class=\"col-4\">Ports r\u00e9seau<\/th>\n<td class=\"col-8\">1x Gigabit Ethernet<\/td>\n<\/tr>\n<tr class=\"compont d-flex\">\n<th scope=\"row\" class=\"col-4\">Antennes<\/th>\n<td class=\"col-8\">4 antennes Dual Band<\/td>\n<\/tr>\n<tr class=\"compont d-flex\">\n<th scope=\"row\" class=\"col-4\">Normes Wi-Fi<\/th>\n<td class=\"col-8\">a\/b\/g\/n\/ac \u2013 int\u00e9rieur<\/td>\n<\/tr>\n<tr class=\"compont d-flex\">\n<th scope=\"row\" class=\"col-4\">Dimensions<\/th>\n<td class=\"col-8\">20 x 20 x 4 cm<\/td>\n<\/tr>\n<tr class=\"compont d-flex\">\n<th scope=\"row\" class=\"col-4\">Poids<\/th>\n<td class=\"col-8\">1.00 Kg<\/td>\n<\/tr>\n<\/tbody>\n<\/table>\n","protected":false},"excerpt":{"rendered":"<p>Optimisez votre r\u00e9seau avec le point d&rsquo;acc\u00e8s Clonico Aerohive AP130 reconditionn\u00e9. Profitez de 2,4\/5 GHz, PoE, 1x Gigabit Ethernet et 4 antennes Dual Band pour une connexion rapide et stable. Commandez le v\u00f4tre d\u00e8s aujourd&rsquo;hui!<\/p>\n","protected":false},"featured_media":103727,"template":"","meta":[],"product_brand":[3482],"product_cat":[3217,80],"product_tag":[],"class_list":{"0":"post-103734","1":"product","2":"type-product","3":"status-publish","4":"has-post-thumbnail","6":"product_brand-clonico","7":"product_cat-networking-wireless-fr","8":"product_cat-networking-fr","10":"first","11":"outofstock","12":"taxable","13":"shipping-taxable","14":"purchasable","15":"product-type-simple"},"bundled_by":[],"bundle_stock_status":"outofstock","bundle_stock_quantity":0,"bundle_virtual":false,"bundle_layout":"","bundle_add_to_cart_form_location":"","bundle_editable_in_cart":false,"bundle_sold_individually_context":"","bundle_item_grouping":"","bundle_min_size":"","bundle_max_size":"","bundle_price":[],"bundled_items":[],"bundle_sell_ids":[],"exclude_global_add_ons":[],"addons":[],"df_price":130.68,"df_sale_price":"","df_regular_price":130.68,"df_image_link":"https:\/\/zoca.es\/wp-content\/uploads\/images\/product\/11840\/clon00109_01-300x225.jpg","_links":{"self":[{"href":"https:\/\/zoca.es\/fr\/wp-json\/wp\/v2\/product\/103734","targetHints":{"allow":["GET"]}}],"collection":[{"href":"https:\/\/zoca.es\/fr\/wp-json\/wp\/v2\/product"}],"about":[{"href":"https:\/\/zoca.es\/fr\/wp-json\/wp\/v2\/types\/product"}],"wp:featuredmedia":[{"embeddable":true,"href":"https:\/\/zoca.es\/fr\/wp-json\/wp\/v2\/media\/103727"}],"wp:attachment":[{"href":"https:\/\/zoca.es\/fr\/wp-json\/wp\/v2\/media?parent=103734"}],"wp:term":[{"taxonomy":"product_brand","embeddable":true,"href":"https:\/\/zoca.es\/fr\/wp-json\/wp\/v2\/product_brand?post=103734"},{"taxonomy":"product_cat","embeddable":true,"href":"https:\/\/zoca.es\/fr\/wp-json\/wp\/v2\/product_cat?post=103734"},{"taxonomy":"product_tag","embeddable":true,"href":"https:\/\/zoca.es\/fr\/wp-json\/wp\/v2\/product_tag?post=103734"}],"curies":[{"name":"wp","href":"https:\/\/api.w.org\/{rel}","templated":true}]}}