{"id":103214,"date":"2024-04-15T12:47:16","date_gmt":"2024-04-15T11:47:16","guid":{"rendered":"https:\/\/zoca.es\/producto\/option-notebook-hp-candado-hp-essential-nuevo-nouveau-fr-12064\/"},"modified":"2026-02-25T10:00:28","modified_gmt":"2026-02-25T09:00:28","slug":"option-notebook-hp-candado-hp-essential-nuevo-nouveau-fr-12064","status":"publish","type":"product","link":"https:\/\/zoca.es\/fr\/produit\/option-notebook-hp-candado-hp-essential-nuevo-nouveau-fr-12064\/","title":{"rendered":"Option notebook HP Candado HP Essential &#8211; Nuevo | Nouveau"},"content":{"rendered":"","protected":false},"excerpt":{"rendered":"<p>C\u00e2ble de s\u00e9curit\u00e9 HP Essential &#8211; Nouveau produit<\/p>\n","protected":false},"featured_media":103207,"template":"","meta":[],"product_brand":[3453],"product_cat":[3986,2254,3085,3100],"product_tag":[],"class_list":{"0":"post-103214","1":"product","2":"type-product","3":"status-publish","4":"has-post-thumbnail","6":"product_brand-hp","7":"product_cat-antivols-ordinateur-portable-fr","8":"product_cat-notebooks-fr","9":"product_cat-notebooks-options-fr","10":"product_cat-notebooks-options-autres-fr","12":"first","13":"instock","14":"taxable","15":"shipping-taxable","16":"purchasable","17":"product-type-simple"},"bundled_by":[],"bundle_stock_status":"instock","bundle_stock_quantity":102,"bundle_virtual":false,"bundle_layout":"","bundle_add_to_cart_form_location":"","bundle_editable_in_cart":false,"bundle_sold_individually_context":"","bundle_item_grouping":"","bundle_min_size":"","bundle_max_size":"","bundle_price":[],"bundled_items":[],"bundle_sell_ids":[],"exclude_global_add_ons":[],"addons":[],"df_price":18.15,"df_sale_price":"","df_regular_price":18.15,"df_image_link":"https:\/\/zoca.es\/wp-content\/uploads\/images\/product\/12064\/hp02532_01-300x225.jpg","_links":{"self":[{"href":"https:\/\/zoca.es\/fr\/wp-json\/wp\/v2\/product\/103214","targetHints":{"allow":["GET"]}}],"collection":[{"href":"https:\/\/zoca.es\/fr\/wp-json\/wp\/v2\/product"}],"about":[{"href":"https:\/\/zoca.es\/fr\/wp-json\/wp\/v2\/types\/product"}],"wp:featuredmedia":[{"embeddable":true,"href":"https:\/\/zoca.es\/fr\/wp-json\/wp\/v2\/media\/103207"}],"wp:attachment":[{"href":"https:\/\/zoca.es\/fr\/wp-json\/wp\/v2\/media?parent=103214"}],"wp:term":[{"taxonomy":"product_brand","embeddable":true,"href":"https:\/\/zoca.es\/fr\/wp-json\/wp\/v2\/product_brand?post=103214"},{"taxonomy":"product_cat","embeddable":true,"href":"https:\/\/zoca.es\/fr\/wp-json\/wp\/v2\/product_cat?post=103214"},{"taxonomy":"product_tag","embeddable":true,"href":"https:\/\/zoca.es\/fr\/wp-json\/wp\/v2\/product_tag?post=103214"}],"curies":[{"name":"wp","href":"https:\/\/api.w.org\/{rel}","templated":true}]}}