{"id":102045,"date":"2024-03-26T11:45:26","date_gmt":"2024-03-26T10:45:26","guid":{"rendered":"https:\/\/zoca.es\/producto\/hp-elitedesk-800-g5-mini-mini-reconditionne-core-i5-22ghz-16-gb-ram-256-gb-ssd-m2-fr-11972\/"},"modified":"2026-04-09T15:14:00","modified_gmt":"2026-04-09T14:14:00","slug":"hp-elitedesk-800-g5-mini-mini-reconditionne-core-i5-22ghz-16-gb-ram-256-gb-ssd-m2-fr-11972","status":"publish","type":"product","link":"https:\/\/zoca.es\/fr\/produit\/hp-elitedesk-800-g5-mini-mini-reconditionne-core-i5-22ghz-16-gb-ram-256-gb-ssd-m2-fr-11972\/","title":{"rendered":"HP EliteDesk 800 G5-Impecable Mini | Reconditionn\u00e9 | Core i5 2.2GHz | 16 GB RAM | 256 GB SSD M2"},"content":{"rendered":"<p><strong>Processeur<\/strong><br \/>Intel Core i5 9500T 2.2 GHz.<br \/><strong>Facteur de forme<\/strong><br \/>Mini<br \/><strong>M\u00e9moire RAM<\/strong><br \/>16 Gb. SO-DDR4 RAM<br \/><strong>Disque dur<\/strong><br \/>256 Gb. SSD M2<br \/><strong>Cartes<\/strong><br \/>Graphique: Intel UHD Graphics 630<br \/>Son: Synaptics HD Aidio<br \/>R\u00e9seau: Intel Ethernet Connection I219-LM<br \/><strong>Syst\u00e8me op\u00e9ratif<\/strong><br \/>Windows 11 Pro<br \/><strong>Ports<\/strong><br \/>6x USB 3.0<br \/>USB-C<br \/><strong>Ports vid\u00e9o<\/strong><br \/>2x Display Port<br \/><strong>Connectivit\u00e9<\/strong><br \/>RJ-45<br \/>WIFI<br \/>Bluetooth<br \/><strong>Autres<\/strong><br \/>hR emballage<br \/><strong>Dimensions<\/strong><br \/>18x18x4 cm.<br \/><strong>Poids<\/strong><br \/>1.10 Kg.<br \/><strong>Sp\u00e9cifications suppl\u00e9mentaires<\/strong><br \/>Le HP EliteDesk 800 G5 Mini est un ordinateur de bureau professionnel compact, con\u00e7u pour les environnements de bureau modernes o\u00f9 l\u2019espace et l\u2019efficacit\u00e9 sont essentiels. Son processeur Intel Core i5-9500T \u00e0 6 c\u0153urs, 2,2 GHz, offre des performances stables et fluides en multit\u00e2che, applications d\u2019entreprise et logiciels professionnels, le tout avec une faible consommation d\u2019\u00e9nergie et un fonctionnement silencieux.<br \/>Avec 16 Go de m\u00e9moire DDR4, ce syst\u00e8me maintient la productivit\u00e9 m\u00eame dans des sc\u00e9narios d\u2019utilisation intensive, permettant d\u2019ex\u00e9cuter plusieurs programmes simultan\u00e9ment sans interruption. Le SSD M.2 de 256 Go garantit des d\u00e9marrages rapides et un acc\u00e8s imm\u00e9diat aux documents et applications, optimisant le flux de travail d\u00e8s la premi\u00e8re minute. \u00c9quip\u00e9 de Windows 11 Pro, il fournit un environnement s\u00fbr, moderne et pr\u00eat pour la gestion avanc\u00e9e des entreprises.<br \/>La connectivit\u00e9 Wi-Fi int\u00e9gr\u00e9e offre une flexibilit\u00e9 maximale pour placer l\u2019ordinateur, id\u00e9al pour les bureaux r\u00e9duits, espaces partag\u00e9s ou installations avec c\u00e2blage limit\u00e9. Son format Mini permet de le placer derri\u00e8re l\u2019\u00e9cran ou dans des espaces discrets, gardant un espace de travail ordonn\u00e9 et professionnel.<br \/>Un ordinateur de bureau compact, efficace et fiable, parfait comme PC professionnel, combinant performances, s\u00e9curit\u00e9 et polyvalence, garantissant une productivit\u00e9 continue et une durabilit\u00e9 \u00e0 long terme dans des environnements professionnels exigeants.<br \/><b>Aspect ext\u00e9rieur impeccable<\/b>. Consultez \u201c+ Photos\u201d et \u201cVid\u00e9o\u201d et si vous avez des questions, appelez-nous ou utilisez notre chat pour obtenir plus d\u2019informations ou demander davantage de d\u00e9tails.<br \/><strong>Commentaires<\/strong><br \/><u>Wi-Fi<\/u><\/p>\n","protected":false},"excerpt":{"rendered":"<p>Intel Core i5 9500T 2.2 GHz. \u00b7 16 Gb. SO-DDR4 RAM \u00b7 256 Gb. SSD M2 \u00b7 <strong>Windows 11 Pro \u00b7<br \/>\nWi-Fi<br \/>\n<\/strong><\/p>\n","protected":false},"featured_media":102023,"template":"","meta":[],"product_brand":[3453],"product_cat":[2219,2228],"product_tag":[],"class_list":{"0":"post-102045","1":"product","2":"type-product","3":"status-publish","4":"has-post-thumbnail","6":"product_brand-hp","7":"product_cat-ordinateurs-fr","8":"product_cat-ordinateurs-mini-fr","10":"first","11":"instock","12":"sale","13":"taxable","14":"shipping-taxable","15":"purchasable","16":"product-type-simple"},"bundled_by":[],"bundle_stock_status":"instock","bundle_stock_quantity":36,"bundle_virtual":false,"bundle_layout":"","bundle_add_to_cart_form_location":"","bundle_editable_in_cart":false,"bundle_sold_individually_context":"","bundle_item_grouping":"","bundle_min_size":"","bundle_max_size":"","bundle_price":[],"bundled_items":[],"bundle_sell_ids":[],"exclude_global_add_ons":true,"addons":{"webcam-upgrades":{"name":"Extension Webcam","type":"multiple_choice","position":0,"required":false,"title_format":"heading","default":"","description_enable":false,"description":"","placeholder_enable":false,"placeholder":"","display":"radiobutton","restrictions_type":"any_text","adjust_price":false,"price":"","price_type":"quantity_based","restrictions":false,"min":"0","max":"0","options":[{"label":"Conceptronic AMDIS FullHD [AMP00085]","price":"29.0000","price_type":"quantity_based","image":0,"visibility":true}]},"ram-memory-upgrades":{"name":"Extension RAM","type":"multiple_choice","position":0,"required":false,"title_format":"heading","default":"","description_enable":false,"description":"","placeholder_enable":false,"placeholder":"","display":"radiobutton","restrictions_type":"any_text","adjust_price":false,"price":"","price_type":"quantity_based","restrictions":false,"min":"0","max":"0","options":[{"label":"Extension de 32 Gb de RAM SODIMM [AMP00098]","price":"150.0000","price_type":"quantity_based","image":0,"visibility":true}]},"hdd-upgrades":{"name":"Extension disque dur","type":"multiple_choice","position":0,"required":false,"title_format":"heading","default":"","description_enable":false,"description":"","placeholder_enable":false,"placeholder":"","display":"radiobutton","restrictions_type":"any_text","adjust_price":false,"price":"","price_type":"quantity_based","restrictions":false,"min":"0","max":"0","options":[{"label":"Passez au disque SSD 1 Tb. M.2 2280 PCIe [AMP00107]","price":"165.0000","price_type":"quantity_based","image":0,"visibility":true},{"label":"Passez au disque SSD de 500 Gb. M.2 2280PCIe [AMP00106]","price":"110.0000","price_type":"quantity_based","image":0,"visibility":true},{"label":"Passez au disque SSD 2 Tb. M.2 2280 PCIe [AMP00171]","price":"260.0000","price_type":"quantity_based","image":0,"visibility":true}]},"os-upgrades":{"name":"Expansion SO","type":"multiple_choice","position":0,"required":false,"title_format":"heading","default":"","description_enable":false,"description":"","placeholder_enable":false,"placeholder":"","display":"radiobutton","restrictions_type":"any_text","adjust_price":false,"price":"","price_type":"quantity_based","restrictions":false,"min":"0","max":"0","options":[{"label":"Changer la langue en fran\u00e7ais [AMP00125]","price":"0.0000","price_type":"quantity_based","image":0,"visibility":true},{"label":"Changer la langue en anglais [AMP00008]","price":"0.0000","price_type":"quantity_based","image":0,"visibility":true},{"label":"Changer la langue en portugais [AMP00009]","price":"0.0000","price_type":"quantity_based","image":0,"visibility":true}]},"keyboard-upgrades":{"name":"Extension clavier","type":"multiple_choice","position":0,"required":false,"title_format":"heading","default":"","description_enable":false,"description":"","placeholder_enable":false,"placeholder":"","display":"radiobutton","restrictions_type":"any_text","adjust_price":false,"price":"","price_type":"quantity_based","restrictions":false,"min":"0","max":"0","options":[{"label":"Clavier et souris [AMP00020]","price":"8.0000","price_type":"quantity_based","image":0,"visibility":true},{"label":"Clavier et souris Portuguese New [AMP00088]","price":"15.0000","price_type":"quantity_based","image":0,"visibility":true},{"label":"Clavier et souris USB espagnols (Nouveau) [AMP00068]","price":"12.0000","price_type":"quantity_based","image":0,"visibility":true}]}},"df_price":363,"df_sale_price":363,"df_regular_price":382.36,"df_image_link":"https:\/\/zoca.es\/wp-content\/uploads\/images\/product\/11972\/hp02510_01-300x225.jpg","_links":{"self":[{"href":"https:\/\/zoca.es\/fr\/wp-json\/wp\/v2\/product\/102045","targetHints":{"allow":["GET"]}}],"collection":[{"href":"https:\/\/zoca.es\/fr\/wp-json\/wp\/v2\/product"}],"about":[{"href":"https:\/\/zoca.es\/fr\/wp-json\/wp\/v2\/types\/product"}],"wp:featuredmedia":[{"embeddable":true,"href":"https:\/\/zoca.es\/fr\/wp-json\/wp\/v2\/media\/102023"}],"wp:attachment":[{"href":"https:\/\/zoca.es\/fr\/wp-json\/wp\/v2\/media?parent=102045"}],"wp:term":[{"taxonomy":"product_brand","embeddable":true,"href":"https:\/\/zoca.es\/fr\/wp-json\/wp\/v2\/product_brand?post=102045"},{"taxonomy":"product_cat","embeddable":true,"href":"https:\/\/zoca.es\/fr\/wp-json\/wp\/v2\/product_cat?post=102045"},{"taxonomy":"product_tag","embeddable":true,"href":"https:\/\/zoca.es\/fr\/wp-json\/wp\/v2\/product_tag?post=102045"}],"curies":[{"name":"wp","href":"https:\/\/api.w.org\/{rel}","templated":true}]}}