{"id":100095,"date":"2024-03-06T10:55:03","date_gmt":"2024-03-06T09:55:03","guid":{"rendered":"https:\/\/zoca.es\/producto\/switch-clonico-fortinet-100d-firewall-reconditionne-fr-11432\/"},"modified":"2026-02-25T10:23:13","modified_gmt":"2026-02-25T09:23:13","slug":"switch-clonico-fortinet-100d-firewall-reconditionne-fr-11432","status":"publish","type":"product","link":"https:\/\/zoca.es\/fr\/produit\/switch-clonico-fortinet-100d-firewall-reconditionne-fr-11432\/","title":{"rendered":"Switch Clonico Fortinet 100D Firewall | Reconditionn\u00e9"},"content":{"rendered":"<p><b>G\u00e9n\u00e9ral<\/b><br \/>pare-feu<br \/><b>Port :<\/b><br \/>Gestion 1xUSB \/ <br \/>2xUSB \/ <br \/>1xConsole \/ <br \/>2xRJ45 WAN \/ <br \/>Gestion 1xRJ45 \/ <br \/>1xRJ45 DMZ \/ <br \/>2xRJ45HA \/ <br \/>Commutateur 14xRJ45 \/ <br \/>2xRJ45 partag\u00e9 \/ <br \/>2xSFP partag\u00e9 \/ <br \/><b>Dimensions<\/b><br \/>43x30x4,5 cm.<br \/><b>Poids<\/b><br \/>5,00Kg.<br \/><b>Sp\u00e9cifications suppl\u00e9mentaires<\/b><br \/>Bon aspect ext\u00e9rieur. Si vous avez des questions, appelez-nous ou utilisez notre chat pour plus d&rsquo;informations ou pour demander plus de d\u00e9tails.<\/p>\n","protected":false},"excerpt":{"rendered":"<p>Pare-feu de s\u00e9curit\u00e9 r\u00e9seau VPN<\/p>\n","protected":false},"featured_media":100091,"template":"","meta":[],"product_brand":[3482],"product_cat":[3211,80],"product_tag":[],"class_list":{"0":"post-100095","1":"product","2":"type-product","3":"status-publish","4":"has-post-thumbnail","6":"product_brand-clonico","7":"product_cat-networking-switches-fr","8":"product_cat-networking-fr","10":"first","11":"instock","12":"taxable","13":"shipping-taxable","14":"purchasable","15":"product-type-simple"},"bundled_by":[],"bundle_stock_status":"instock","bundle_stock_quantity":2,"bundle_virtual":false,"bundle_layout":"","bundle_add_to_cart_form_location":"","bundle_editable_in_cart":false,"bundle_sold_individually_context":"","bundle_item_grouping":"","bundle_min_size":"","bundle_max_size":"","bundle_price":[],"bundled_items":[],"bundle_sell_ids":[],"exclude_global_add_ons":[],"addons":[],"df_price":157.3,"df_sale_price":"","df_regular_price":157.3,"df_image_link":"https:\/\/zoca.es\/wp-content\/uploads\/images\/product\/11432\/clon00089_01-300x225.jpg","_links":{"self":[{"href":"https:\/\/zoca.es\/fr\/wp-json\/wp\/v2\/product\/100095","targetHints":{"allow":["GET"]}}],"collection":[{"href":"https:\/\/zoca.es\/fr\/wp-json\/wp\/v2\/product"}],"about":[{"href":"https:\/\/zoca.es\/fr\/wp-json\/wp\/v2\/types\/product"}],"wp:featuredmedia":[{"embeddable":true,"href":"https:\/\/zoca.es\/fr\/wp-json\/wp\/v2\/media\/100091"}],"wp:attachment":[{"href":"https:\/\/zoca.es\/fr\/wp-json\/wp\/v2\/media?parent=100095"}],"wp:term":[{"taxonomy":"product_brand","embeddable":true,"href":"https:\/\/zoca.es\/fr\/wp-json\/wp\/v2\/product_brand?post=100095"},{"taxonomy":"product_cat","embeddable":true,"href":"https:\/\/zoca.es\/fr\/wp-json\/wp\/v2\/product_cat?post=100095"},{"taxonomy":"product_tag","embeddable":true,"href":"https:\/\/zoca.es\/fr\/wp-json\/wp\/v2\/product_tag?post=100095"}],"curies":[{"name":"wp","href":"https:\/\/api.w.org\/{rel}","templated":true}]}}