{"id":149391,"date":"2025-11-20T11:38:20","date_gmt":"2025-11-20T10:38:20","guid":{"rendered":"https:\/\/zoca.es\/reseaux\/wireless\/"},"modified":"2025-11-20T11:42:18","modified_gmt":"2025-11-20T10:42:18","slug":"wireless","status":"publish","type":"page","link":"https:\/\/zoca.es\/fr\/reseaux\/wireless\/","title":{"rendered":"Wireless"},"content":{"rendered":"","protected":false},"excerpt":{"rendered":"","protected":false},"author":623,"featured_media":0,"parent":136094,"menu_order":0,"comment_status":"closed","ping_status":"closed","template":"template-new-categories.php","meta":{"zoca_cat_short_desc":"<p>Connectez-vous sans fil gr\u00e2ce \u00e0 notre s\u00e9lection wireless : routeurs Wi-Fi, points d\u2019acc\u00e8s et adaptateurs reconditionn\u00e9s, pr\u00eats \u00e0 fournir une couverture stable et rapide \u00e0 la maison ou au bureau, avec une garantie et au meilleur prix.<\/p>\n","footnotes":""},"class_list":["post-149391","page","type-page","status-publish","hentry"],"_links":{"self":[{"href":"https:\/\/zoca.es\/fr\/wp-json\/wp\/v2\/pages\/149391","targetHints":{"allow":["GET"]}}],"collection":[{"href":"https:\/\/zoca.es\/fr\/wp-json\/wp\/v2\/pages"}],"about":[{"href":"https:\/\/zoca.es\/fr\/wp-json\/wp\/v2\/types\/page"}],"author":[{"embeddable":true,"href":"https:\/\/zoca.es\/fr\/wp-json\/wp\/v2\/users\/623"}],"replies":[{"embeddable":true,"href":"https:\/\/zoca.es\/fr\/wp-json\/wp\/v2\/comments?post=149391"}],"version-history":[{"count":1,"href":"https:\/\/zoca.es\/fr\/wp-json\/wp\/v2\/pages\/149391\/revisions"}],"predecessor-version":[{"id":149398,"href":"https:\/\/zoca.es\/fr\/wp-json\/wp\/v2\/pages\/149391\/revisions\/149398"}],"up":[{"embeddable":true,"href":"https:\/\/zoca.es\/fr\/wp-json\/wp\/v2\/pages\/136094"}],"wp:attachment":[{"href":"https:\/\/zoca.es\/fr\/wp-json\/wp\/v2\/media?parent=149391"}],"curies":[{"name":"wp","href":"https:\/\/api.w.org\/{rel}","templated":true}]}}