{"id":142180,"date":"2025-09-16T13:06:43","date_gmt":"2025-09-16T12:06:43","guid":{"rendered":"https:\/\/zoca.es\/ordinateurs-portables\/docking-stations\/"},"modified":"2025-10-10T08:32:14","modified_gmt":"2025-10-10T07:32:14","slug":"station-accueil","status":"publish","type":"page","link":"https:\/\/zoca.es\/fr\/ordinateurs-portables\/station-accueil\/","title":{"rendered":"Station Accueil"},"content":{"rendered":"","protected":false},"excerpt":{"rendered":"","protected":false},"author":623,"featured_media":0,"parent":136026,"menu_order":0,"comment_status":"closed","ping_status":"closed","template":"template-new-categories.php","meta":{"zoca_cat_short_desc":"<p>Stations d'accueil pour portables, \u00e9largissez la connectivit\u00e9 de votre portable avec ports USB, HDMI, displayport et ethernet et type C. Am\u00e9liorez votre \u00e9quipement avec nos produits qui offrent un transfert de donn\u00e9es et vid\u00e9o ultra-rapide.<\/p>\n","footnotes":""},"class_list":["post-142180","page","type-page","status-publish","hentry"],"_links":{"self":[{"href":"https:\/\/zoca.es\/fr\/wp-json\/wp\/v2\/pages\/142180","targetHints":{"allow":["GET"]}}],"collection":[{"href":"https:\/\/zoca.es\/fr\/wp-json\/wp\/v2\/pages"}],"about":[{"href":"https:\/\/zoca.es\/fr\/wp-json\/wp\/v2\/types\/page"}],"author":[{"embeddable":true,"href":"https:\/\/zoca.es\/fr\/wp-json\/wp\/v2\/users\/623"}],"replies":[{"embeddable":true,"href":"https:\/\/zoca.es\/fr\/wp-json\/wp\/v2\/comments?post=142180"}],"version-history":[{"count":3,"href":"https:\/\/zoca.es\/fr\/wp-json\/wp\/v2\/pages\/142180\/revisions"}],"predecessor-version":[{"id":144835,"href":"https:\/\/zoca.es\/fr\/wp-json\/wp\/v2\/pages\/142180\/revisions\/144835"}],"up":[{"embeddable":true,"href":"https:\/\/zoca.es\/fr\/wp-json\/wp\/v2\/pages\/136026"}],"wp:attachment":[{"href":"https:\/\/zoca.es\/fr\/wp-json\/wp\/v2\/media?parent=142180"}],"curies":[{"name":"wp","href":"https:\/\/api.w.org\/{rel}","templated":true}]}}