{"id":136466,"date":"2025-06-09T10:30:17","date_gmt":"2025-06-09T09:30:17","guid":{"rendered":"https:\/\/zoca.es\/television\/"},"modified":"2025-09-24T11:47:23","modified_gmt":"2025-09-24T10:47:23","slug":"television","status":"publish","type":"page","link":"https:\/\/zoca.es\/fr\/television\/","title":{"rendered":"T\u00e9l\u00e9vision"},"content":{"rendered":"","protected":false},"excerpt":{"rendered":"","protected":false},"author":623,"featured_media":0,"parent":0,"menu_order":0,"comment_status":"closed","ping_status":"closed","template":"template-new-categories.php","meta":{"zoca_cat_short_desc":"<p>Moniteurs de t\u00e9l\u00e9vision reconditionn\u00e9s. \u00c9crans avec tuner TV int\u00e9gr\u00e9, id\u00e9aux pour usage double comme moniteur PC et t\u00e9l\u00e9viseur. Moniteurs avec tr\u00e8s bonne qualit\u00e9 d'image en rapport qualit\u00e9-prix. Garantie de qualit\u00e9 et de bonne r\u00e9solution dans nos \u00e9crans TV comme nos mod\u00e8les 4K de qualit\u00e9 premium.<\/p>\n","footnotes":""},"class_list":["post-136466","page","type-page","status-publish","hentry"],"_links":{"self":[{"href":"https:\/\/zoca.es\/fr\/wp-json\/wp\/v2\/pages\/136466","targetHints":{"allow":["GET"]}}],"collection":[{"href":"https:\/\/zoca.es\/fr\/wp-json\/wp\/v2\/pages"}],"about":[{"href":"https:\/\/zoca.es\/fr\/wp-json\/wp\/v2\/types\/page"}],"author":[{"embeddable":true,"href":"https:\/\/zoca.es\/fr\/wp-json\/wp\/v2\/users\/623"}],"replies":[{"embeddable":true,"href":"https:\/\/zoca.es\/fr\/wp-json\/wp\/v2\/comments?post=136466"}],"version-history":[{"count":3,"href":"https:\/\/zoca.es\/fr\/wp-json\/wp\/v2\/pages\/136466\/revisions"}],"predecessor-version":[{"id":144839,"href":"https:\/\/zoca.es\/fr\/wp-json\/wp\/v2\/pages\/136466\/revisions\/144839"}],"wp:attachment":[{"href":"https:\/\/zoca.es\/fr\/wp-json\/wp\/v2\/media?parent=136466"}],"curies":[{"name":"wp","href":"https:\/\/api.w.org\/{rel}","templated":true}]}}