{"id":136103,"date":"2025-06-05T14:50:16","date_gmt":"2025-06-05T13:50:16","guid":{"rendered":"https:\/\/zoca.es\/cables-2\/cables-usb\/"},"modified":"2025-09-24T11:37:54","modified_gmt":"2025-09-24T10:37:54","slug":"cables-usb","status":"publish","type":"page","link":"https:\/\/zoca.es\/fr\/cables-2\/cables-usb\/","title":{"rendered":"C\u00e2bles USB"},"content":{"rendered":"","protected":false},"excerpt":{"rendered":"","protected":false},"author":623,"featured_media":0,"parent":136101,"menu_order":0,"comment_status":"closed","ping_status":"closed","template":"template-new-categories.php","meta":{"zoca_cat_short_desc":"<p>C\u00e2bles USB reconditionn\u00e9s. C\u00e2bles USB-A, USB-C, micro USB, mini USB. Chargez et transf\u00e9rez des donn\u00e9es avec nos c\u00e2bles USB 3.0 et adaptateurs de c\u00e2bles USB en parfait \u00e9tat.<\/p>\n","footnotes":""},"class_list":["post-136103","page","type-page","status-publish","hentry"],"_links":{"self":[{"href":"https:\/\/zoca.es\/fr\/wp-json\/wp\/v2\/pages\/136103","targetHints":{"allow":["GET"]}}],"collection":[{"href":"https:\/\/zoca.es\/fr\/wp-json\/wp\/v2\/pages"}],"about":[{"href":"https:\/\/zoca.es\/fr\/wp-json\/wp\/v2\/types\/page"}],"author":[{"embeddable":true,"href":"https:\/\/zoca.es\/fr\/wp-json\/wp\/v2\/users\/623"}],"replies":[{"embeddable":true,"href":"https:\/\/zoca.es\/fr\/wp-json\/wp\/v2\/comments?post=136103"}],"version-history":[{"count":1,"href":"https:\/\/zoca.es\/fr\/wp-json\/wp\/v2\/pages\/136103\/revisions"}],"predecessor-version":[{"id":142905,"href":"https:\/\/zoca.es\/fr\/wp-json\/wp\/v2\/pages\/136103\/revisions\/142905"}],"up":[{"embeddable":true,"href":"https:\/\/zoca.es\/fr\/wp-json\/wp\/v2\/pages\/136101"}],"wp:attachment":[{"href":"https:\/\/zoca.es\/fr\/wp-json\/wp\/v2\/media?parent=136103"}],"curies":[{"name":"wp","href":"https:\/\/api.w.org\/{rel}","templated":true}]}}