{"id":136102,"date":"2025-06-05T14:49:29","date_gmt":"2025-06-05T13:49:29","guid":{"rendered":"https:\/\/zoca.es\/cables-2\/adaptateurs\/"},"modified":"2025-09-24T11:36:33","modified_gmt":"2025-09-24T10:36:33","slug":"adaptateurs","status":"publish","type":"page","link":"https:\/\/zoca.es\/fr\/cables-2\/adaptateurs\/","title":{"rendered":"Adaptateurs"},"content":{"rendered":"","protected":false},"excerpt":{"rendered":"","protected":false},"author":623,"featured_media":0,"parent":136101,"menu_order":0,"comment_status":"closed","ping_status":"closed","template":"template-new-categories.php","meta":{"zoca_cat_short_desc":"<p>Adaptateurs reconditionn\u00e9s pour les connexions de vos \u00e9quipements. C\u00e2bles adaptateurs HDMI, USB, audio et vid\u00e9o comme neufs. Solutions de connectivit\u00e9 r\u00e9vis\u00e9es par notre \u00e9quipe technique \u00e0 des prix tr\u00e8s \u00e9conomiques.<\/p>\n","footnotes":""},"class_list":["post-136102","page","type-page","status-publish","hentry"],"_links":{"self":[{"href":"https:\/\/zoca.es\/fr\/wp-json\/wp\/v2\/pages\/136102","targetHints":{"allow":["GET"]}}],"collection":[{"href":"https:\/\/zoca.es\/fr\/wp-json\/wp\/v2\/pages"}],"about":[{"href":"https:\/\/zoca.es\/fr\/wp-json\/wp\/v2\/types\/page"}],"author":[{"embeddable":true,"href":"https:\/\/zoca.es\/fr\/wp-json\/wp\/v2\/users\/623"}],"replies":[{"embeddable":true,"href":"https:\/\/zoca.es\/fr\/wp-json\/wp\/v2\/comments?post=136102"}],"version-history":[{"count":1,"href":"https:\/\/zoca.es\/fr\/wp-json\/wp\/v2\/pages\/136102\/revisions"}],"predecessor-version":[{"id":142900,"href":"https:\/\/zoca.es\/fr\/wp-json\/wp\/v2\/pages\/136102\/revisions\/142900"}],"up":[{"embeddable":true,"href":"https:\/\/zoca.es\/fr\/wp-json\/wp\/v2\/pages\/136101"}],"wp:attachment":[{"href":"https:\/\/zoca.es\/fr\/wp-json\/wp\/v2\/media?parent=136102"}],"curies":[{"name":"wp","href":"https:\/\/api.w.org\/{rel}","templated":true}]}}