{"id":136101,"date":"2025-06-05T14:47:39","date_gmt":"2025-06-05T13:47:39","guid":{"rendered":"https:\/\/zoca.es\/cables-2\/"},"modified":"2025-09-24T11:35:17","modified_gmt":"2025-09-24T10:35:17","slug":"cables-2","status":"publish","type":"page","link":"https:\/\/zoca.es\/fr\/cables-2\/","title":{"rendered":"Cables"},"content":{"rendered":"","protected":false},"excerpt":{"rendered":"","protected":false},"author":623,"featured_media":0,"parent":0,"menu_order":2,"comment_status":"closed","ping_status":"closed","template":"template-new-categories.php","meta":{"zoca_cat_short_desc":"<p>C\u00e2bles et connecteurs de tous types pour l'informatique. Connexions USB, HDMI, alimentation, r\u00e9seau et c\u00e2bles coaxiaux. Produits de c\u00e2blage reconditionn\u00e9s comme neufs \u00e0 des prix imbattables.<\/p>\n","footnotes":""},"class_list":["post-136101","page","type-page","status-publish","hentry"],"_links":{"self":[{"href":"https:\/\/zoca.es\/fr\/wp-json\/wp\/v2\/pages\/136101","targetHints":{"allow":["GET"]}}],"collection":[{"href":"https:\/\/zoca.es\/fr\/wp-json\/wp\/v2\/pages"}],"about":[{"href":"https:\/\/zoca.es\/fr\/wp-json\/wp\/v2\/types\/page"}],"author":[{"embeddable":true,"href":"https:\/\/zoca.es\/fr\/wp-json\/wp\/v2\/users\/623"}],"replies":[{"embeddable":true,"href":"https:\/\/zoca.es\/fr\/wp-json\/wp\/v2\/comments?post=136101"}],"version-history":[{"count":1,"href":"https:\/\/zoca.es\/fr\/wp-json\/wp\/v2\/pages\/136101\/revisions"}],"predecessor-version":[{"id":142898,"href":"https:\/\/zoca.es\/fr\/wp-json\/wp\/v2\/pages\/136101\/revisions\/142898"}],"wp:attachment":[{"href":"https:\/\/zoca.es\/fr\/wp-json\/wp\/v2\/media?parent=136101"}],"curies":[{"name":"wp","href":"https:\/\/api.w.org\/{rel}","templated":true}]}}