{"id":136100,"date":"2025-06-05T14:46:54","date_gmt":"2025-06-05T13:46:54","guid":{"rendered":"https:\/\/zoca.es\/telephonie\/"},"modified":"2025-09-24T12:53:07","modified_gmt":"2025-09-24T11:53:07","slug":"telephonie","status":"publish","type":"page","link":"https:\/\/zoca.es\/fr\/telephonie\/","title":{"rendered":"Telephonie"},"content":{"rendered":"","protected":false},"excerpt":{"rendered":"","protected":false},"author":623,"featured_media":0,"parent":0,"menu_order":0,"comment_status":"closed","ping_status":"closed","template":"template-new-categories.php","meta":{"zoca_cat_short_desc":"<p>T\u00e9l\u00e9phonie reconditionn\u00e9e. Mobiles et smartphones, t\u00e9l\u00e9phones fixes et accessoires des meilleures marques qui fonctionnent comme le premier jour. Trouvez et d\u00e9couvrez dans notre catalogue des mobiles bon march\u00e9 de diff\u00e9rents mod\u00e8les, accessoires et t\u00e9l\u00e9phones fixes \u00e0 bas prix.<\/p>\n","footnotes":""},"class_list":["post-136100","page","type-page","status-publish","hentry"],"_links":{"self":[{"href":"https:\/\/zoca.es\/fr\/wp-json\/wp\/v2\/pages\/136100","targetHints":{"allow":["GET"]}}],"collection":[{"href":"https:\/\/zoca.es\/fr\/wp-json\/wp\/v2\/pages"}],"about":[{"href":"https:\/\/zoca.es\/fr\/wp-json\/wp\/v2\/types\/page"}],"author":[{"embeddable":true,"href":"https:\/\/zoca.es\/fr\/wp-json\/wp\/v2\/users\/623"}],"replies":[{"embeddable":true,"href":"https:\/\/zoca.es\/fr\/wp-json\/wp\/v2\/comments?post=136100"}],"version-history":[{"count":1,"href":"https:\/\/zoca.es\/fr\/wp-json\/wp\/v2\/pages\/136100\/revisions"}],"predecessor-version":[{"id":143019,"href":"https:\/\/zoca.es\/fr\/wp-json\/wp\/v2\/pages\/136100\/revisions\/143019"}],"wp:attachment":[{"href":"https:\/\/zoca.es\/fr\/wp-json\/wp\/v2\/media?parent=136100"}],"curies":[{"name":"wp","href":"https:\/\/api.w.org\/{rel}","templated":true}]}}