{"id":136099,"date":"2025-06-05T14:46:23","date_gmt":"2025-06-05T13:46:23","guid":{"rendered":"https:\/\/zoca.es\/reseaux\/visioconference\/"},"modified":"2025-09-24T12:42:15","modified_gmt":"2025-09-24T11:42:15","slug":"visioconference","status":"publish","type":"page","link":"https:\/\/zoca.es\/fr\/reseaux\/visioconference\/","title":{"rendered":"Visioconf\u00e9rence"},"content":{"rendered":"","protected":false},"excerpt":{"rendered":"","protected":false},"author":623,"featured_media":0,"parent":136094,"menu_order":0,"comment_status":"closed","ping_status":"closed","template":"template-new-categories.php","meta":{"zoca_cat_short_desc":"<p>\u00c9quipements de visioconf\u00e9rence reconditionn\u00e9s. Solutions professionnelles pour r\u00e9unions en ligne avec cam\u00e9ras, microphones et syst\u00e8mes de visioconf\u00e9rence pour une communication fluide.<\/p>\n","footnotes":""},"class_list":["post-136099","page","type-page","status-publish","hentry"],"_links":{"self":[{"href":"https:\/\/zoca.es\/fr\/wp-json\/wp\/v2\/pages\/136099","targetHints":{"allow":["GET"]}}],"collection":[{"href":"https:\/\/zoca.es\/fr\/wp-json\/wp\/v2\/pages"}],"about":[{"href":"https:\/\/zoca.es\/fr\/wp-json\/wp\/v2\/types\/page"}],"author":[{"embeddable":true,"href":"https:\/\/zoca.es\/fr\/wp-json\/wp\/v2\/users\/623"}],"replies":[{"embeddable":true,"href":"https:\/\/zoca.es\/fr\/wp-json\/wp\/v2\/comments?post=136099"}],"version-history":[{"count":1,"href":"https:\/\/zoca.es\/fr\/wp-json\/wp\/v2\/pages\/136099\/revisions"}],"predecessor-version":[{"id":142999,"href":"https:\/\/zoca.es\/fr\/wp-json\/wp\/v2\/pages\/136099\/revisions\/142999"}],"up":[{"embeddable":true,"href":"https:\/\/zoca.es\/fr\/wp-json\/wp\/v2\/pages\/136094"}],"wp:attachment":[{"href":"https:\/\/zoca.es\/fr\/wp-json\/wp\/v2\/media?parent=136099"}],"curies":[{"name":"wp","href":"https:\/\/api.w.org\/{rel}","templated":true}]}}