{"id":136098,"date":"2025-06-05T14:45:52","date_gmt":"2025-06-05T13:45:52","guid":{"rendered":"https:\/\/zoca.es\/reseaux\/commutateurs\/"},"modified":"2025-09-24T12:41:58","modified_gmt":"2025-09-24T11:41:58","slug":"commutateurs","status":"publish","type":"page","link":"https:\/\/zoca.es\/fr\/reseaux\/commutateurs\/","title":{"rendered":"Commutateurs"},"content":{"rendered":"","protected":false},"excerpt":{"rendered":"","protected":false},"author":623,"featured_media":0,"parent":136094,"menu_order":0,"comment_status":"closed","ping_status":"closed","template":"template-new-categories.php","meta":{"zoca_cat_short_desc":"<p>Cr\u00e9ez et \u00e9largissez votre r\u00e9seau local facilement avec nos commutateurs et concentrateurs. Ces \u00e9quipements r\u00e9seau vous permettent d'augmenter les connexions Ethernet disponibles et de connecter plusieurs appareils.<\/p>\n","footnotes":""},"class_list":["post-136098","page","type-page","status-publish","hentry"],"_links":{"self":[{"href":"https:\/\/zoca.es\/fr\/wp-json\/wp\/v2\/pages\/136098","targetHints":{"allow":["GET"]}}],"collection":[{"href":"https:\/\/zoca.es\/fr\/wp-json\/wp\/v2\/pages"}],"about":[{"href":"https:\/\/zoca.es\/fr\/wp-json\/wp\/v2\/types\/page"}],"author":[{"embeddable":true,"href":"https:\/\/zoca.es\/fr\/wp-json\/wp\/v2\/users\/623"}],"replies":[{"embeddable":true,"href":"https:\/\/zoca.es\/fr\/wp-json\/wp\/v2\/comments?post=136098"}],"version-history":[{"count":1,"href":"https:\/\/zoca.es\/fr\/wp-json\/wp\/v2\/pages\/136098\/revisions"}],"predecessor-version":[{"id":142998,"href":"https:\/\/zoca.es\/fr\/wp-json\/wp\/v2\/pages\/136098\/revisions\/142998"}],"up":[{"embeddable":true,"href":"https:\/\/zoca.es\/fr\/wp-json\/wp\/v2\/pages\/136094"}],"wp:attachment":[{"href":"https:\/\/zoca.es\/fr\/wp-json\/wp\/v2\/media?parent=136098"}],"curies":[{"name":"wp","href":"https:\/\/api.w.org\/{rel}","templated":true}]}}