{"id":136096,"date":"2025-06-05T14:44:46","date_gmt":"2025-06-05T13:44:46","guid":{"rendered":"https:\/\/zoca.es\/reseaux\/repeteur-extenseur-wifi\/"},"modified":"2025-09-24T12:46:44","modified_gmt":"2025-09-24T11:46:44","slug":"repeteur-extenseur-wifi","status":"publish","type":"page","link":"https:\/\/zoca.es\/fr\/reseaux\/repeteur-extenseur-wifi\/","title":{"rendered":"R\u00e9p\u00e9teur extenseur wifi"},"content":{"rendered":"","protected":false},"excerpt":{"rendered":"","protected":false},"author":623,"featured_media":0,"parent":136094,"menu_order":0,"comment_status":"closed","ping_status":"closed","template":"template-new-categories.php","meta":{"zoca_cat_short_desc":"<p>Avez-vous besoin d'\u00e9tendre la couverture de votre r\u00e9seau ? \u00c9tendez la couverture de votre r\u00e9seau Wi-Fi avec nos r\u00e9p\u00e9teurs avec garantie de bon fonctionnement. Id\u00e9aux pour les grands espaces ou les espaces o\u00f9 le routeur se trouve tr\u00e8s \u00e9loign\u00e9, fournissant une connectivit\u00e9 sans fil haute vitesse.<\/p>\n","footnotes":""},"class_list":["post-136096","page","type-page","status-publish","hentry"],"_links":{"self":[{"href":"https:\/\/zoca.es\/fr\/wp-json\/wp\/v2\/pages\/136096","targetHints":{"allow":["GET"]}}],"collection":[{"href":"https:\/\/zoca.es\/fr\/wp-json\/wp\/v2\/pages"}],"about":[{"href":"https:\/\/zoca.es\/fr\/wp-json\/wp\/v2\/types\/page"}],"author":[{"embeddable":true,"href":"https:\/\/zoca.es\/fr\/wp-json\/wp\/v2\/users\/623"}],"replies":[{"embeddable":true,"href":"https:\/\/zoca.es\/fr\/wp-json\/wp\/v2\/comments?post=136096"}],"version-history":[{"count":1,"href":"https:\/\/zoca.es\/fr\/wp-json\/wp\/v2\/pages\/136096\/revisions"}],"predecessor-version":[{"id":143000,"href":"https:\/\/zoca.es\/fr\/wp-json\/wp\/v2\/pages\/136096\/revisions\/143000"}],"up":[{"embeddable":true,"href":"https:\/\/zoca.es\/fr\/wp-json\/wp\/v2\/pages\/136094"}],"wp:attachment":[{"href":"https:\/\/zoca.es\/fr\/wp-json\/wp\/v2\/media?parent=136096"}],"curies":[{"name":"wp","href":"https:\/\/api.w.org\/{rel}","templated":true}]}}