{"id":136095,"date":"2025-06-05T14:44:09","date_gmt":"2025-06-05T13:44:09","guid":{"rendered":"https:\/\/zoca.es\/reseaux\/points-access\/"},"modified":"2025-10-10T09:20:36","modified_gmt":"2025-10-10T08:20:36","slug":"points-dacces","status":"publish","type":"page","link":"https:\/\/zoca.es\/fr\/reseaux\/points-dacces\/","title":{"rendered":"Points d&rsquo;acc\u00e8s"},"content":{"rendered":"","protected":false},"excerpt":{"rendered":"","protected":false},"author":623,"featured_media":0,"parent":136094,"menu_order":0,"comment_status":"closed","ping_status":"closed","template":"template-new-categories.php","meta":{"zoca_cat_short_desc":"<p>Points d'acc\u00e8s WiFi reconditionn\u00e9s pour \u00e9tendre votre r\u00e9seau sans fil. Access Points HP Aruba, Cisco et Ubiquiti avec technologie Wi-Fi 6\/6E haute performance. \u00c9tendez la couverture WiFi \u00e0 la maison, au bureau ou dans tout espace avec des \u00e9quipements professionnels et garantie compl\u00e8te.<\/p>\r\n","footnotes":""},"class_list":["post-136095","page","type-page","status-publish","hentry"],"_links":{"self":[{"href":"https:\/\/zoca.es\/fr\/wp-json\/wp\/v2\/pages\/136095","targetHints":{"allow":["GET"]}}],"collection":[{"href":"https:\/\/zoca.es\/fr\/wp-json\/wp\/v2\/pages"}],"about":[{"href":"https:\/\/zoca.es\/fr\/wp-json\/wp\/v2\/types\/page"}],"author":[{"embeddable":true,"href":"https:\/\/zoca.es\/fr\/wp-json\/wp\/v2\/users\/623"}],"replies":[{"embeddable":true,"href":"https:\/\/zoca.es\/fr\/wp-json\/wp\/v2\/comments?post=136095"}],"version-history":[{"count":3,"href":"https:\/\/zoca.es\/fr\/wp-json\/wp\/v2\/pages\/136095\/revisions"}],"predecessor-version":[{"id":144846,"href":"https:\/\/zoca.es\/fr\/wp-json\/wp\/v2\/pages\/136095\/revisions\/144846"}],"up":[{"embeddable":true,"href":"https:\/\/zoca.es\/fr\/wp-json\/wp\/v2\/pages\/136094"}],"wp:attachment":[{"href":"https:\/\/zoca.es\/fr\/wp-json\/wp\/v2\/media?parent=136095"}],"curies":[{"name":"wp","href":"https:\/\/api.w.org\/{rel}","templated":true}]}}