{"id":136094,"date":"2025-06-05T14:43:37","date_gmt":"2025-06-05T13:43:37","guid":{"rendered":"https:\/\/zoca.es\/reseaux\/"},"modified":"2025-09-24T11:58:20","modified_gmt":"2025-09-24T10:58:20","slug":"reseaux","status":"publish","type":"page","link":"https:\/\/zoca.es\/fr\/reseaux\/","title":{"rendered":"Reseaux"},"content":{"rendered":"","protected":false},"excerpt":{"rendered":"","protected":false},"author":623,"featured_media":0,"parent":0,"menu_order":0,"comment_status":"closed","ping_status":"closed","template":"template-new-categories.php","meta":{"zoca_cat_short_desc":"<p>Solutions de connectivit\u00e9 pour votre domicile ou studio avec nos produits r\u00e9seau reconditionn\u00e9s comme neufs ou semi-neufs. Avec un grand catalogue de routeurs, commutateurs, points d'acc\u00e8s, adaptateurs Wi-Fi r\u00e9p\u00e9teurs r\u00e9seau et plus pour couvrir ce dont vous avez besoin.<\/p>\n","footnotes":""},"class_list":["post-136094","page","type-page","status-publish","hentry"],"_links":{"self":[{"href":"https:\/\/zoca.es\/fr\/wp-json\/wp\/v2\/pages\/136094","targetHints":{"allow":["GET"]}}],"collection":[{"href":"https:\/\/zoca.es\/fr\/wp-json\/wp\/v2\/pages"}],"about":[{"href":"https:\/\/zoca.es\/fr\/wp-json\/wp\/v2\/types\/page"}],"author":[{"embeddable":true,"href":"https:\/\/zoca.es\/fr\/wp-json\/wp\/v2\/users\/623"}],"replies":[{"embeddable":true,"href":"https:\/\/zoca.es\/fr\/wp-json\/wp\/v2\/comments?post=136094"}],"version-history":[{"count":1,"href":"https:\/\/zoca.es\/fr\/wp-json\/wp\/v2\/pages\/136094\/revisions"}],"predecessor-version":[{"id":142971,"href":"https:\/\/zoca.es\/fr\/wp-json\/wp\/v2\/pages\/136094\/revisions\/142971"}],"wp:attachment":[{"href":"https:\/\/zoca.es\/fr\/wp-json\/wp\/v2\/media?parent=136094"}],"curies":[{"name":"wp","href":"https:\/\/api.w.org\/{rel}","templated":true}]}}