{"id":136093,"date":"2025-06-05T14:43:02","date_gmt":"2025-06-05T13:43:02","guid":{"rendered":"https:\/\/zoca.es\/webcams\/"},"modified":"2025-09-24T11:55:48","modified_gmt":"2025-09-24T10:55:48","slug":"webcams","status":"publish","type":"page","link":"https:\/\/zoca.es\/fr\/peripheriques\/webcams\/","title":{"rendered":"Webcams"},"content":{"rendered":"","protected":false},"excerpt":{"rendered":"","protected":false},"author":623,"featured_media":0,"parent":136340,"menu_order":0,"comment_status":"closed","ping_status":"closed","template":"template-new-categories.php","meta":{"zoca_cat_short_desc":"<p>D\u00e9couvrez notre s\u00e9lection de cam\u00e9ras web pour am\u00e9liorer vos visioconf\u00e9rences et transmissions. Parfaites pour streaming, enregistrement et appels vid\u00e9o professionnels. Trouvez la webcam pour votre PC ou portable au meilleur prix et avec une transmission vid\u00e9o de tr\u00e8s bonne qualit\u00e9.<\/p>\n","footnotes":""},"class_list":["post-136093","page","type-page","status-publish","hentry"],"_links":{"self":[{"href":"https:\/\/zoca.es\/fr\/wp-json\/wp\/v2\/pages\/136093","targetHints":{"allow":["GET"]}}],"collection":[{"href":"https:\/\/zoca.es\/fr\/wp-json\/wp\/v2\/pages"}],"about":[{"href":"https:\/\/zoca.es\/fr\/wp-json\/wp\/v2\/types\/page"}],"author":[{"embeddable":true,"href":"https:\/\/zoca.es\/fr\/wp-json\/wp\/v2\/users\/623"}],"replies":[{"embeddable":true,"href":"https:\/\/zoca.es\/fr\/wp-json\/wp\/v2\/comments?post=136093"}],"version-history":[{"count":2,"href":"https:\/\/zoca.es\/fr\/wp-json\/wp\/v2\/pages\/136093\/revisions"}],"predecessor-version":[{"id":142964,"href":"https:\/\/zoca.es\/fr\/wp-json\/wp\/v2\/pages\/136093\/revisions\/142964"}],"up":[{"embeddable":true,"href":"https:\/\/zoca.es\/fr\/wp-json\/wp\/v2\/pages\/136340"}],"wp:attachment":[{"href":"https:\/\/zoca.es\/fr\/wp-json\/wp\/v2\/media?parent=136093"}],"curies":[{"name":"wp","href":"https:\/\/api.w.org\/{rel}","templated":true}]}}