{"id":136092,"date":"2025-06-05T14:42:33","date_gmt":"2025-06-05T13:42:33","guid":{"rendered":"https:\/\/zoca.es\/claviers\/portable\/"},"modified":"2025-09-24T11:53:44","modified_gmt":"2025-09-24T10:53:44","slug":"portable","status":"publish","type":"page","link":"https:\/\/zoca.es\/fr\/peripheriques\/claviers\/portable\/","title":{"rendered":"Portable"},"content":{"rendered":"","protected":false},"excerpt":{"rendered":"","protected":false},"author":623,"featured_media":0,"parent":136089,"menu_order":0,"comment_status":"closed","ping_status":"closed","template":"template-new-categories.php","meta":{"zoca_cat_short_desc":"<p>Pi\u00e8ces de rechange originales et compatibles pour r\u00e9parer ou remplacer le clavier de votre portable dans notre catalogue. Nous comptons avec de nombreuses options \u00e9conomiques pour prolonger la dur\u00e9e de vie de votre portable.<\/p>\n","footnotes":""},"class_list":["post-136092","page","type-page","status-publish","hentry"],"_links":{"self":[{"href":"https:\/\/zoca.es\/fr\/wp-json\/wp\/v2\/pages\/136092","targetHints":{"allow":["GET"]}}],"collection":[{"href":"https:\/\/zoca.es\/fr\/wp-json\/wp\/v2\/pages"}],"about":[{"href":"https:\/\/zoca.es\/fr\/wp-json\/wp\/v2\/types\/page"}],"author":[{"embeddable":true,"href":"https:\/\/zoca.es\/fr\/wp-json\/wp\/v2\/users\/623"}],"replies":[{"embeddable":true,"href":"https:\/\/zoca.es\/fr\/wp-json\/wp\/v2\/comments?post=136092"}],"version-history":[{"count":1,"href":"https:\/\/zoca.es\/fr\/wp-json\/wp\/v2\/pages\/136092\/revisions"}],"predecessor-version":[{"id":142960,"href":"https:\/\/zoca.es\/fr\/wp-json\/wp\/v2\/pages\/136092\/revisions\/142960"}],"up":[{"embeddable":true,"href":"https:\/\/zoca.es\/fr\/wp-json\/wp\/v2\/pages\/136089"}],"wp:attachment":[{"href":"https:\/\/zoca.es\/fr\/wp-json\/wp\/v2\/media?parent=136092"}],"curies":[{"name":"wp","href":"https:\/\/api.w.org\/{rel}","templated":true}]}}