{"id":136088,"date":"2025-06-05T14:40:18","date_gmt":"2025-06-05T13:40:18","guid":{"rendered":"https:\/\/zoca.es\/mecaniques\/"},"modified":"2025-10-08T12:37:10","modified_gmt":"2025-10-08T11:37:10","slug":"mecaniques","status":"publish","type":"page","link":"https:\/\/zoca.es\/fr\/peripheriques\/claviers\/mecaniques\/","title":{"rendered":"Mecaniques"},"content":{"rendered":"","protected":false},"excerpt":{"rendered":"","protected":false},"author":623,"featured_media":0,"parent":136089,"menu_order":0,"comment_status":"closed","ping_status":"closed","template":"template-new-categories.php","meta":{"zoca_cat_short_desc":"<p>Exp\u00e9rience d'\u00e9criture et de jeu sup\u00e9rieure avec switches \u00e0 r\u00e9ponse rapide presque sans appuyer sur la touche. Durabilit\u00e9 et pr\u00e9cision pour gamers et professionnels qui passent beaucoup de temps devant un \u00e9cran et ont besoin d'un p\u00e9riph\u00e9rique ergonomique. Cherchez dans notre catalogue les meilleurs claviers m\u00e9caniques qui s'adaptent le mieux \u00e0 votre espace ou \u00e9quipement.<\/p>\r\n","footnotes":""},"class_list":["post-136088","page","type-page","status-publish","hentry"],"_links":{"self":[{"href":"https:\/\/zoca.es\/fr\/wp-json\/wp\/v2\/pages\/136088","targetHints":{"allow":["GET"]}}],"collection":[{"href":"https:\/\/zoca.es\/fr\/wp-json\/wp\/v2\/pages"}],"about":[{"href":"https:\/\/zoca.es\/fr\/wp-json\/wp\/v2\/types\/page"}],"author":[{"embeddable":true,"href":"https:\/\/zoca.es\/fr\/wp-json\/wp\/v2\/users\/623"}],"replies":[{"embeddable":true,"href":"https:\/\/zoca.es\/fr\/wp-json\/wp\/v2\/comments?post=136088"}],"version-history":[{"count":1,"href":"https:\/\/zoca.es\/fr\/wp-json\/wp\/v2\/pages\/136088\/revisions"}],"predecessor-version":[{"id":142957,"href":"https:\/\/zoca.es\/fr\/wp-json\/wp\/v2\/pages\/136088\/revisions\/142957"}],"up":[{"embeddable":true,"href":"https:\/\/zoca.es\/fr\/wp-json\/wp\/v2\/pages\/136089"}],"wp:attachment":[{"href":"https:\/\/zoca.es\/fr\/wp-json\/wp\/v2\/media?parent=136088"}],"curies":[{"name":"wp","href":"https:\/\/api.w.org\/{rel}","templated":true}]}}