{"id":136084,"date":"2025-06-05T14:36:13","date_gmt":"2025-06-05T13:36:13","guid":{"rendered":"https:\/\/zoca.es\/outlet\/ordinateurs\/"},"modified":"2025-09-24T11:50:52","modified_gmt":"2025-09-24T10:50:52","slug":"ordinateurs","status":"publish","type":"page","link":"https:\/\/zoca.es\/fr\/outlet\/ordinateurs\/","title":{"rendered":"Ordinateurs"},"content":{"rendered":"","protected":false},"excerpt":{"rendered":"","protected":false},"author":623,"featured_media":0,"parent":136082,"menu_order":0,"comment_status":"closed","ping_status":"closed","template":"template-new-categories.php","meta":{"zoca_cat_short_desc":"<p>R\u00e9ductions sur PC de bureau et All-in-One. Trouvez des \u00e9quipements qui fonctionnent et ont la garantie de fonctionner comme au premier jour pour gaming, travail ou \u00e9tude \u00e0 prix de liquidation.<\/p>\n","footnotes":""},"class_list":["post-136084","page","type-page","status-publish","hentry"],"_links":{"self":[{"href":"https:\/\/zoca.es\/fr\/wp-json\/wp\/v2\/pages\/136084","targetHints":{"allow":["GET"]}}],"collection":[{"href":"https:\/\/zoca.es\/fr\/wp-json\/wp\/v2\/pages"}],"about":[{"href":"https:\/\/zoca.es\/fr\/wp-json\/wp\/v2\/types\/page"}],"author":[{"embeddable":true,"href":"https:\/\/zoca.es\/fr\/wp-json\/wp\/v2\/users\/623"}],"replies":[{"embeddable":true,"href":"https:\/\/zoca.es\/fr\/wp-json\/wp\/v2\/comments?post=136084"}],"version-history":[{"count":1,"href":"https:\/\/zoca.es\/fr\/wp-json\/wp\/v2\/pages\/136084\/revisions"}],"predecessor-version":[{"id":142950,"href":"https:\/\/zoca.es\/fr\/wp-json\/wp\/v2\/pages\/136084\/revisions\/142950"}],"up":[{"embeddable":true,"href":"https:\/\/zoca.es\/fr\/wp-json\/wp\/v2\/pages\/136082"}],"wp:attachment":[{"href":"https:\/\/zoca.es\/fr\/wp-json\/wp\/v2\/media?parent=136084"}],"curies":[{"name":"wp","href":"https:\/\/api.w.org\/{rel}","templated":true}]}}