{"id":136083,"date":"2025-06-05T14:35:18","date_gmt":"2025-06-05T13:35:18","guid":{"rendered":"https:\/\/zoca.es\/outlet\/moniteurs\/"},"modified":"2025-09-24T11:50:31","modified_gmt":"2025-09-24T10:50:31","slug":"moniteurs","status":"publish","type":"page","link":"https:\/\/zoca.es\/fr\/outlet\/moniteurs\/","title":{"rendered":"Moniteurs"},"content":{"rendered":"","protected":false},"excerpt":{"rendered":"","protected":false},"author":623,"featured_media":0,"parent":136082,"menu_order":0,"comment_status":"closed","ping_status":"closed","template":"template-new-categories.php","meta":{"zoca_cat_short_desc":"<p>Moniteurs en outlet reconditionn\u00e9s. Offres sp\u00e9ciales sur \u00e9crans LED, LCD et 4K de diff\u00e9rentes tailles d'\u00e9cran. Qualit\u00e9 visuelle \u00e0 prix r\u00e9duits dans notre section outlet de moniteurs. Trouvez ce que vous cherchez parmi nos moniteurs neufs ou semi-neufs !<\/p>\n","footnotes":""},"class_list":["post-136083","page","type-page","status-publish","hentry"],"_links":{"self":[{"href":"https:\/\/zoca.es\/fr\/wp-json\/wp\/v2\/pages\/136083","targetHints":{"allow":["GET"]}}],"collection":[{"href":"https:\/\/zoca.es\/fr\/wp-json\/wp\/v2\/pages"}],"about":[{"href":"https:\/\/zoca.es\/fr\/wp-json\/wp\/v2\/types\/page"}],"author":[{"embeddable":true,"href":"https:\/\/zoca.es\/fr\/wp-json\/wp\/v2\/users\/623"}],"replies":[{"embeddable":true,"href":"https:\/\/zoca.es\/fr\/wp-json\/wp\/v2\/comments?post=136083"}],"version-history":[{"count":1,"href":"https:\/\/zoca.es\/fr\/wp-json\/wp\/v2\/pages\/136083\/revisions"}],"predecessor-version":[{"id":142948,"href":"https:\/\/zoca.es\/fr\/wp-json\/wp\/v2\/pages\/136083\/revisions\/142948"}],"up":[{"embeddable":true,"href":"https:\/\/zoca.es\/fr\/wp-json\/wp\/v2\/pages\/136082"}],"wp:attachment":[{"href":"https:\/\/zoca.es\/fr\/wp-json\/wp\/v2\/media?parent=136083"}],"curies":[{"name":"wp","href":"https:\/\/api.w.org\/{rel}","templated":true}]}}