{"id":136082,"date":"2025-06-05T14:34:50","date_gmt":"2025-06-05T13:34:50","guid":{"rendered":"https:\/\/zoca.es\/outlet\/"},"modified":"2025-09-24T11:50:05","modified_gmt":"2025-09-24T10:50:05","slug":"outlet","status":"publish","type":"page","link":"https:\/\/zoca.es\/fr\/outlet\/","title":{"rendered":"Outlet"},"content":{"rendered":"","protected":false},"excerpt":{"rendered":"","protected":false},"author":623,"featured_media":0,"parent":0,"menu_order":0,"comment_status":"closed","ping_status":"closed","template":"template-new-categories.php","meta":{"zoca_cat_short_desc":"<p>Outlet de nos meilleurs produits reconditionn\u00e9s. Offres et r\u00e9ductions sur une large gamme de produits : portables, moniteurs, ordinateurs et plus. Trouvez ce que vous cherchez en produits de qualit\u00e9 \u00e0 prix tr\u00e8s \u00e9conomique dans notre section outlet.<\/p>\n","footnotes":""},"class_list":["post-136082","page","type-page","status-publish","hentry"],"_links":{"self":[{"href":"https:\/\/zoca.es\/fr\/wp-json\/wp\/v2\/pages\/136082","targetHints":{"allow":["GET"]}}],"collection":[{"href":"https:\/\/zoca.es\/fr\/wp-json\/wp\/v2\/pages"}],"about":[{"href":"https:\/\/zoca.es\/fr\/wp-json\/wp\/v2\/types\/page"}],"author":[{"embeddable":true,"href":"https:\/\/zoca.es\/fr\/wp-json\/wp\/v2\/users\/623"}],"replies":[{"embeddable":true,"href":"https:\/\/zoca.es\/fr\/wp-json\/wp\/v2\/comments?post=136082"}],"version-history":[{"count":1,"href":"https:\/\/zoca.es\/fr\/wp-json\/wp\/v2\/pages\/136082\/revisions"}],"predecessor-version":[{"id":142946,"href":"https:\/\/zoca.es\/fr\/wp-json\/wp\/v2\/pages\/136082\/revisions\/142946"}],"wp:attachment":[{"href":"https:\/\/zoca.es\/fr\/wp-json\/wp\/v2\/media?parent=136082"}],"curies":[{"name":"wp","href":"https:\/\/api.w.org\/{rel}","templated":true}]}}