{"id":136081,"date":"2025-06-05T14:34:20","date_gmt":"2025-06-05T13:34:20","guid":{"rendered":"https:\/\/zoca.es\/kits\/"},"modified":"2025-09-24T11:49:33","modified_gmt":"2025-09-24T10:49:33","slug":"kits","status":"publish","type":"page","link":"https:\/\/zoca.es\/fr\/ordinateurs-de-bureau\/kits\/","title":{"rendered":"Kits"},"content":{"rendered":"","protected":false},"excerpt":{"rendered":"","protected":false},"author":623,"featured_media":0,"parent":136020,"menu_order":0,"comment_status":"closed","ping_status":"closed","template":"template-new-categories.php","meta":{"zoca_cat_short_desc":"<p>Dans notre catalogue vous trouverez nos kits d'ordinateurs reconditionn\u00e9s qui incluent tout le n\u00e9cessaire : PC, \u00e9cran, souris et clavier pour que vous n'ayez pas \u00e0 vous soucier de chercher le reste des composants. Certains kits varient en composition, incluant seulement PC et \u00e9cran selon vos besoins. Choisissez la meilleure offre qui s'ajuste \u00e0 ce que vous cherchez avec des produits de qualit\u00e9.<\/p>\n","footnotes":""},"class_list":["post-136081","page","type-page","status-publish","hentry"],"_links":{"self":[{"href":"https:\/\/zoca.es\/fr\/wp-json\/wp\/v2\/pages\/136081","targetHints":{"allow":["GET"]}}],"collection":[{"href":"https:\/\/zoca.es\/fr\/wp-json\/wp\/v2\/pages"}],"about":[{"href":"https:\/\/zoca.es\/fr\/wp-json\/wp\/v2\/types\/page"}],"author":[{"embeddable":true,"href":"https:\/\/zoca.es\/fr\/wp-json\/wp\/v2\/users\/623"}],"replies":[{"embeddable":true,"href":"https:\/\/zoca.es\/fr\/wp-json\/wp\/v2\/comments?post=136081"}],"version-history":[{"count":2,"href":"https:\/\/zoca.es\/fr\/wp-json\/wp\/v2\/pages\/136081\/revisions"}],"predecessor-version":[{"id":143146,"href":"https:\/\/zoca.es\/fr\/wp-json\/wp\/v2\/pages\/136081\/revisions\/143146"}],"up":[{"embeddable":true,"href":"https:\/\/zoca.es\/fr\/wp-json\/wp\/v2\/pages\/136020"}],"wp:attachment":[{"href":"https:\/\/zoca.es\/fr\/wp-json\/wp\/v2\/media?parent=136081"}],"curies":[{"name":"wp","href":"https:\/\/api.w.org\/{rel}","templated":true}]}}