{"id":136080,"date":"2025-06-05T14:33:55","date_gmt":"2025-06-05T13:33:55","guid":{"rendered":"https:\/\/zoca.es\/composants\/tablettes-graphiques\/"},"modified":"2025-10-10T08:21:20","modified_gmt":"2025-10-10T07:21:20","slug":"cartes-graphiques","status":"publish","type":"page","link":"https:\/\/zoca.es\/fr\/composants\/cartes-graphiques\/","title":{"rendered":"Cartes graphiques"},"content":{"rendered":"","protected":false},"excerpt":{"rendered":"","protected":false},"author":623,"featured_media":0,"parent":136071,"menu_order":0,"comment_status":"closed","ping_status":"closed","template":"template-new-categories.php","meta":{"zoca_cat_short_desc":"<p>Cartes contr\u00f4leurs reconditionn\u00e9es. Extension de ports USB, SATA, r\u00e9seau et plus avec nos composants qui fonctionnent comme au premier jour. \u00c9largissez les capacit\u00e9s de votre syst\u00e8me et \u00e9conomisez en donnant une seconde vie \u00e0 nos composants avec garantie.<\/p>\n","footnotes":""},"class_list":["post-136080","page","type-page","status-publish","hentry"],"_links":{"self":[{"href":"https:\/\/zoca.es\/fr\/wp-json\/wp\/v2\/pages\/136080","targetHints":{"allow":["GET"]}}],"collection":[{"href":"https:\/\/zoca.es\/fr\/wp-json\/wp\/v2\/pages"}],"about":[{"href":"https:\/\/zoca.es\/fr\/wp-json\/wp\/v2\/types\/page"}],"author":[{"embeddable":true,"href":"https:\/\/zoca.es\/fr\/wp-json\/wp\/v2\/users\/623"}],"replies":[{"embeddable":true,"href":"https:\/\/zoca.es\/fr\/wp-json\/wp\/v2\/comments?post=136080"}],"version-history":[{"count":8,"href":"https:\/\/zoca.es\/fr\/wp-json\/wp\/v2\/pages\/136080\/revisions"}],"predecessor-version":[{"id":144833,"href":"https:\/\/zoca.es\/fr\/wp-json\/wp\/v2\/pages\/136080\/revisions\/144833"}],"up":[{"embeddable":true,"href":"https:\/\/zoca.es\/fr\/wp-json\/wp\/v2\/pages\/136071"}],"wp:attachment":[{"href":"https:\/\/zoca.es\/fr\/wp-json\/wp\/v2\/media?parent=136080"}],"curies":[{"name":"wp","href":"https:\/\/api.w.org\/{rel}","templated":true}]}}