{"id":136078,"date":"2025-06-05T14:32:50","date_gmt":"2025-06-05T13:32:50","guid":{"rendered":"https:\/\/zoca.es\/composants\/memoire-ram\/"},"modified":"2025-09-24T11:41:59","modified_gmt":"2025-09-24T10:41:59","slug":"memoire-ram","status":"publish","type":"page","link":"https:\/\/zoca.es\/fr\/composants\/memoire-ram\/","title":{"rendered":"M\u00e9moire RAM"},"content":{"rendered":"","protected":false},"excerpt":{"rendered":"","protected":false},"author":623,"featured_media":0,"parent":136071,"menu_order":0,"comment_status":"closed","ping_status":"closed","template":"template-new-categories.php","meta":{"zoca_cat_short_desc":"<p>Mettez \u00e0 jour votre PC avec des m\u00e9moires RAM reconditionn\u00e9es ! Trouvez DDR3, DDR4 et DDR5, DIMM pour PC et SO-DIMM pour ordinateurs portables. Composants qui fonctionnent et garantissent une longue dur\u00e9e de vie gr\u00e2ce \u00e0 la r\u00e9vision de notre \u00e9quipe.<\/p>\n","footnotes":""},"class_list":["post-136078","page","type-page","status-publish","hentry"],"_links":{"self":[{"href":"https:\/\/zoca.es\/fr\/wp-json\/wp\/v2\/pages\/136078","targetHints":{"allow":["GET"]}}],"collection":[{"href":"https:\/\/zoca.es\/fr\/wp-json\/wp\/v2\/pages"}],"about":[{"href":"https:\/\/zoca.es\/fr\/wp-json\/wp\/v2\/types\/page"}],"author":[{"embeddable":true,"href":"https:\/\/zoca.es\/fr\/wp-json\/wp\/v2\/users\/623"}],"replies":[{"embeddable":true,"href":"https:\/\/zoca.es\/fr\/wp-json\/wp\/v2\/comments?post=136078"}],"version-history":[{"count":1,"href":"https:\/\/zoca.es\/fr\/wp-json\/wp\/v2\/pages\/136078\/revisions"}],"predecessor-version":[{"id":142915,"href":"https:\/\/zoca.es\/fr\/wp-json\/wp\/v2\/pages\/136078\/revisions\/142915"}],"up":[{"embeddable":true,"href":"https:\/\/zoca.es\/fr\/wp-json\/wp\/v2\/pages\/136071"}],"wp:attachment":[{"href":"https:\/\/zoca.es\/fr\/wp-json\/wp\/v2\/media?parent=136078"}],"curies":[{"name":"wp","href":"https:\/\/api.w.org\/{rel}","templated":true}]}}