{"id":136075,"date":"2025-06-05T14:29:38","date_gmt":"2025-06-05T13:29:38","guid":{"rendered":"https:\/\/zoca.es\/composants\/disques-durs\/disques-durs-sata\/"},"modified":"2025-09-24T11:40:20","modified_gmt":"2025-09-24T10:40:20","slug":"disques-durs-sata","status":"publish","type":"page","link":"https:\/\/zoca.es\/fr\/composants\/disques-durs\/disques-durs-sata\/","title":{"rendered":"Disques durs SATA"},"content":{"rendered":"","protected":false},"excerpt":{"rendered":"","protected":false},"author":623,"featured_media":0,"parent":136073,"menu_order":0,"comment_status":"closed","ping_status":"closed","template":"template-new-categories.php","meta":{"zoca_cat_short_desc":"<p>Les meilleures offres sur nos disques durs SATA reconditionn\u00e9s de 2,5 et 3,5 pouces de marques reconnues. Dans notre catalogue de disques durs SATA, vous trouverez les meilleures offres d'\u00e9quipements de stockage reconditionn\u00e9s. Disques durs SATA avec interface Serial ATA III avec des vitesses jusqu'\u00e0 6 Gbps et des capacit\u00e9s de 120 Go \u00e0 4 To. HDD SATA et SSD SATA reconditionn\u00e9s avec garantie de fonctionnement comme au premier jour.<\/p>\n","footnotes":""},"class_list":["post-136075","page","type-page","status-publish","hentry"],"_links":{"self":[{"href":"https:\/\/zoca.es\/fr\/wp-json\/wp\/v2\/pages\/136075","targetHints":{"allow":["GET"]}}],"collection":[{"href":"https:\/\/zoca.es\/fr\/wp-json\/wp\/v2\/pages"}],"about":[{"href":"https:\/\/zoca.es\/fr\/wp-json\/wp\/v2\/types\/page"}],"author":[{"embeddable":true,"href":"https:\/\/zoca.es\/fr\/wp-json\/wp\/v2\/users\/623"}],"replies":[{"embeddable":true,"href":"https:\/\/zoca.es\/fr\/wp-json\/wp\/v2\/comments?post=136075"}],"version-history":[{"count":1,"href":"https:\/\/zoca.es\/fr\/wp-json\/wp\/v2\/pages\/136075\/revisions"}],"predecessor-version":[{"id":142910,"href":"https:\/\/zoca.es\/fr\/wp-json\/wp\/v2\/pages\/136075\/revisions\/142910"}],"up":[{"embeddable":true,"href":"https:\/\/zoca.es\/fr\/wp-json\/wp\/v2\/pages\/136073"}],"wp:attachment":[{"href":"https:\/\/zoca.es\/fr\/wp-json\/wp\/v2\/media?parent=136075"}],"curies":[{"name":"wp","href":"https:\/\/api.w.org\/{rel}","templated":true}]}}