{"id":136074,"date":"2025-06-05T14:29:16","date_gmt":"2025-06-05T13:29:16","guid":{"rendered":"https:\/\/zoca.es\/composants\/disques-durs\/disques-durs-ide\/"},"modified":"2025-09-24T11:41:11","modified_gmt":"2025-09-24T10:41:11","slug":"disques-durs-ide","status":"publish","type":"page","link":"https:\/\/zoca.es\/fr\/composants\/disques-durs\/disques-durs-ide\/","title":{"rendered":"Disques durs IDE"},"content":{"rendered":"","protected":false},"excerpt":{"rendered":"","protected":false},"author":623,"featured_media":0,"parent":136073,"menu_order":0,"comment_status":"closed","ping_status":"closed","template":"template-new-categories.php","meta":{"zoca_cat_short_desc":"<p>Nous disposons de disques durs IDE\/PATA de 2,5 pouces de marques reconnues dans le secteur. Disques durs IDE (PATA) reconditionn\u00e9s avec garantie de fonctionnement comme au premier jour. Obtenez des disques IDE \u00e0 des prix \u00e9conomiques et ne restez pas sans r\u00e9parer votre \u00e9quipement. Disques durs IDE avec garantie de qualit\u00e9, interface Parallel ATA avec des vitesses de transfert jusqu'\u00e0 133 Mo\/s.<\/p>\n","footnotes":""},"class_list":["post-136074","page","type-page","status-publish","hentry"],"_links":{"self":[{"href":"https:\/\/zoca.es\/fr\/wp-json\/wp\/v2\/pages\/136074","targetHints":{"allow":["GET"]}}],"collection":[{"href":"https:\/\/zoca.es\/fr\/wp-json\/wp\/v2\/pages"}],"about":[{"href":"https:\/\/zoca.es\/fr\/wp-json\/wp\/v2\/types\/page"}],"author":[{"embeddable":true,"href":"https:\/\/zoca.es\/fr\/wp-json\/wp\/v2\/users\/623"}],"replies":[{"embeddable":true,"href":"https:\/\/zoca.es\/fr\/wp-json\/wp\/v2\/comments?post=136074"}],"version-history":[{"count":1,"href":"https:\/\/zoca.es\/fr\/wp-json\/wp\/v2\/pages\/136074\/revisions"}],"predecessor-version":[{"id":142912,"href":"https:\/\/zoca.es\/fr\/wp-json\/wp\/v2\/pages\/136074\/revisions\/142912"}],"up":[{"embeddable":true,"href":"https:\/\/zoca.es\/fr\/wp-json\/wp\/v2\/pages\/136073"}],"wp:attachment":[{"href":"https:\/\/zoca.es\/fr\/wp-json\/wp\/v2\/media?parent=136074"}],"curies":[{"name":"wp","href":"https:\/\/api.w.org\/{rel}","templated":true}]}}