{"id":136073,"date":"2025-06-05T14:28:52","date_gmt":"2025-06-05T13:28:52","guid":{"rendered":"https:\/\/zoca.es\/composants\/disques-durs\/"},"modified":"2025-09-24T11:39:43","modified_gmt":"2025-09-24T10:39:43","slug":"disques-durs","status":"publish","type":"page","link":"https:\/\/zoca.es\/fr\/composants\/disques-durs\/","title":{"rendered":"Disques durs"},"content":{"rendered":"","protected":false},"excerpt":{"rendered":"","protected":false},"author":623,"featured_media":0,"parent":136071,"menu_order":0,"comment_status":"closed","ping_status":"closed","template":"template-new-categories.php","meta":{"zoca_cat_short_desc":"<p>D\u00e9couvrez notre large s\u00e9lection de disques durs HDD et SSD reconditionn\u00e9s. Diff\u00e9rentes marques et produits pour augmenter le stockage de votre \u00e9quipement avec un tr\u00e8s petit budget ou pour acqu\u00e9rir un disque dur externe.<\/p>\n","footnotes":""},"class_list":["post-136073","page","type-page","status-publish","hentry"],"_links":{"self":[{"href":"https:\/\/zoca.es\/fr\/wp-json\/wp\/v2\/pages\/136073","targetHints":{"allow":["GET"]}}],"collection":[{"href":"https:\/\/zoca.es\/fr\/wp-json\/wp\/v2\/pages"}],"about":[{"href":"https:\/\/zoca.es\/fr\/wp-json\/wp\/v2\/types\/page"}],"author":[{"embeddable":true,"href":"https:\/\/zoca.es\/fr\/wp-json\/wp\/v2\/users\/623"}],"replies":[{"embeddable":true,"href":"https:\/\/zoca.es\/fr\/wp-json\/wp\/v2\/comments?post=136073"}],"version-history":[{"count":1,"href":"https:\/\/zoca.es\/fr\/wp-json\/wp\/v2\/pages\/136073\/revisions"}],"predecessor-version":[{"id":142908,"href":"https:\/\/zoca.es\/fr\/wp-json\/wp\/v2\/pages\/136073\/revisions\/142908"}],"up":[{"embeddable":true,"href":"https:\/\/zoca.es\/fr\/wp-json\/wp\/v2\/pages\/136071"}],"wp:attachment":[{"href":"https:\/\/zoca.es\/fr\/wp-json\/wp\/v2\/media?parent=136073"}],"curies":[{"name":"wp","href":"https:\/\/api.w.org\/{rel}","templated":true}]}}