{"id":136072,"date":"2025-06-05T14:28:22","date_gmt":"2025-06-05T13:28:22","guid":{"rendered":"https:\/\/zoca.es\/composants\/adaptateurs-wi-fi\/"},"modified":"2025-09-29T08:08:22","modified_gmt":"2025-09-29T07:08:22","slug":"adaptateurs-wi-fi","status":"publish","type":"page","link":"https:\/\/zoca.es\/fr\/composants\/adaptateurs-wi-fi\/","title":{"rendered":"Adaptateurs Wi-Fi"},"content":{"rendered":"","protected":false},"excerpt":{"rendered":"","protected":false},"author":623,"featured_media":0,"parent":136071,"menu_order":0,"comment_status":"closed","ping_status":"closed","template":"template-new-categories.php","meta":{"zoca_cat_short_desc":"<p>\u00c9tendez la connectivit\u00e9 sans fil de vos ordinateurs de bureau et portables avec nos adaptateurs Wi-Fi. Am\u00e9liorez le signal gr\u00e2ce aux adaptateurs USB et PCIe, et compl\u00e9tez votre installation avec des adaptateurs Bluetooth si n\u00e9cessaire.<\/p>\n","footnotes":""},"class_list":["post-136072","page","type-page","status-publish","hentry"],"_links":{"self":[{"href":"https:\/\/zoca.es\/fr\/wp-json\/wp\/v2\/pages\/136072","targetHints":{"allow":["GET"]}}],"collection":[{"href":"https:\/\/zoca.es\/fr\/wp-json\/wp\/v2\/pages"}],"about":[{"href":"https:\/\/zoca.es\/fr\/wp-json\/wp\/v2\/types\/page"}],"author":[{"embeddable":true,"href":"https:\/\/zoca.es\/fr\/wp-json\/wp\/v2\/users\/623"}],"replies":[{"embeddable":true,"href":"https:\/\/zoca.es\/fr\/wp-json\/wp\/v2\/comments?post=136072"}],"version-history":[{"count":1,"href":"https:\/\/zoca.es\/fr\/wp-json\/wp\/v2\/pages\/136072\/revisions"}],"predecessor-version":[{"id":143450,"href":"https:\/\/zoca.es\/fr\/wp-json\/wp\/v2\/pages\/136072\/revisions\/143450"}],"up":[{"embeddable":true,"href":"https:\/\/zoca.es\/fr\/wp-json\/wp\/v2\/pages\/136071"}],"wp:attachment":[{"href":"https:\/\/zoca.es\/fr\/wp-json\/wp\/v2\/media?parent=136072"}],"curies":[{"name":"wp","href":"https:\/\/api.w.org\/{rel}","templated":true}]}}