{"id":136071,"date":"2025-06-05T14:27:52","date_gmt":"2025-06-05T13:27:52","guid":{"rendered":"https:\/\/zoca.es\/composants\/"},"modified":"2025-09-24T11:38:43","modified_gmt":"2025-09-24T10:38:43","slug":"composants","status":"publish","type":"page","link":"https:\/\/zoca.es\/fr\/composants\/","title":{"rendered":"Composants"},"content":{"rendered":"","protected":false},"excerpt":{"rendered":"","protected":false},"author":623,"featured_media":0,"parent":0,"menu_order":0,"comment_status":"closed","ping_status":"closed","template":"template-new-categories.php","meta":{"zoca_cat_short_desc":"<p>Vous cherchez un composant sp\u00e9cifique ? Composants informatiques reconditionn\u00e9s. Processeurs, m\u00e9moire RAM, cartes graphiques, disques durs et plus encore ! Pi\u00e8ces qui ont \u00e9t\u00e9 test\u00e9es pour garantir leur bon fonctionnement, une id\u00e9e plus \u00e9conomique pour mettre \u00e0 jour votre \u00e9quipement.<\/p>\n","footnotes":""},"class_list":["post-136071","page","type-page","status-publish","hentry"],"_links":{"self":[{"href":"https:\/\/zoca.es\/fr\/wp-json\/wp\/v2\/pages\/136071","targetHints":{"allow":["GET"]}}],"collection":[{"href":"https:\/\/zoca.es\/fr\/wp-json\/wp\/v2\/pages"}],"about":[{"href":"https:\/\/zoca.es\/fr\/wp-json\/wp\/v2\/types\/page"}],"author":[{"embeddable":true,"href":"https:\/\/zoca.es\/fr\/wp-json\/wp\/v2\/users\/623"}],"replies":[{"embeddable":true,"href":"https:\/\/zoca.es\/fr\/wp-json\/wp\/v2\/comments?post=136071"}],"version-history":[{"count":1,"href":"https:\/\/zoca.es\/fr\/wp-json\/wp\/v2\/pages\/136071\/revisions"}],"predecessor-version":[{"id":142906,"href":"https:\/\/zoca.es\/fr\/wp-json\/wp\/v2\/pages\/136071\/revisions\/142906"}],"wp:attachment":[{"href":"https:\/\/zoca.es\/fr\/wp-json\/wp\/v2\/media?parent=136071"}],"curies":[{"name":"wp","href":"https:\/\/api.w.org\/{rel}","templated":true}]}}