{"id":136068,"date":"2025-06-05T14:26:01","date_gmt":"2025-06-05T13:26:01","guid":{"rendered":"https:\/\/zoca.es\/cables\/"},"modified":"2025-09-24T12:54:20","modified_gmt":"2025-09-24T11:54:20","slug":"cables","status":"publish","type":"page","link":"https:\/\/zoca.es\/fr\/reseaux\/commutateurs\/cables\/","title":{"rendered":"Cables"},"content":{"rendered":"","protected":false},"excerpt":{"rendered":"","protected":false},"author":623,"featured_media":0,"parent":136098,"menu_order":0,"comment_status":"closed","ping_status":"closed","template":"template-new-categories.php","meta":{"zoca_cat_short_desc":"<p>Cables de conexi\u00f3n para switches y paneles de parcheo que asegura una conexi\u00f3n fiable en tu infraestructura de red. Cables de Ethernet reacondicionados que funcionan como si hubieran salido de f\u00e1brica al mejor precio, conecta tus equipos a un router WiFi o crea una red LAN gracias a nuestros cables de red switch.<\/p>\n","footnotes":""},"class_list":["post-136068","page","type-page","status-publish","hentry"],"_links":{"self":[{"href":"https:\/\/zoca.es\/fr\/wp-json\/wp\/v2\/pages\/136068","targetHints":{"allow":["GET"]}}],"collection":[{"href":"https:\/\/zoca.es\/fr\/wp-json\/wp\/v2\/pages"}],"about":[{"href":"https:\/\/zoca.es\/fr\/wp-json\/wp\/v2\/types\/page"}],"author":[{"embeddable":true,"href":"https:\/\/zoca.es\/fr\/wp-json\/wp\/v2\/users\/623"}],"replies":[{"embeddable":true,"href":"https:\/\/zoca.es\/fr\/wp-json\/wp\/v2\/comments?post=136068"}],"version-history":[{"count":1,"href":"https:\/\/zoca.es\/fr\/wp-json\/wp\/v2\/pages\/136068\/revisions"}],"predecessor-version":[{"id":143030,"href":"https:\/\/zoca.es\/fr\/wp-json\/wp\/v2\/pages\/136068\/revisions\/143030"}],"up":[{"embeddable":true,"href":"https:\/\/zoca.es\/fr\/wp-json\/wp\/v2\/pages\/136098"}],"wp:attachment":[{"href":"https:\/\/zoca.es\/fr\/wp-json\/wp\/v2\/media?parent=136068"}],"curies":[{"name":"wp","href":"https:\/\/api.w.org\/{rel}","templated":true}]}}