{"id":136067,"date":"2025-06-05T14:25:28","date_gmt":"2025-06-05T13:25:28","guid":{"rendered":"https:\/\/zoca.es\/audio\/barres-de-son\/"},"modified":"2025-09-24T11:34:07","modified_gmt":"2025-09-24T10:34:07","slug":"barres-de-son","status":"publish","type":"page","link":"https:\/\/zoca.es\/fr\/audio\/barres-de-son\/","title":{"rendered":"Barres de son"},"content":{"rendered":"","protected":false},"excerpt":{"rendered":"","protected":false},"author":623,"featured_media":0,"parent":136065,"menu_order":0,"comment_status":"closed","ping_status":"closed","template":"template-new-categories.php","meta":{"zoca_cat_short_desc":"<p>Barres de son neuves ou reconditionn\u00e9es pour TV et ordinateurs. Am\u00e9liorez votre exp\u00e9rience audiovisuelle avec des \u00e9quipements de qualit\u00e9 r\u00e9vis\u00e9s par notre \u00e9quipe de techniciens.<\/p>\n","footnotes":""},"class_list":["post-136067","page","type-page","status-publish","hentry"],"_links":{"self":[{"href":"https:\/\/zoca.es\/fr\/wp-json\/wp\/v2\/pages\/136067","targetHints":{"allow":["GET"]}}],"collection":[{"href":"https:\/\/zoca.es\/fr\/wp-json\/wp\/v2\/pages"}],"about":[{"href":"https:\/\/zoca.es\/fr\/wp-json\/wp\/v2\/types\/page"}],"author":[{"embeddable":true,"href":"https:\/\/zoca.es\/fr\/wp-json\/wp\/v2\/users\/623"}],"replies":[{"embeddable":true,"href":"https:\/\/zoca.es\/fr\/wp-json\/wp\/v2\/comments?post=136067"}],"version-history":[{"count":1,"href":"https:\/\/zoca.es\/fr\/wp-json\/wp\/v2\/pages\/136067\/revisions"}],"predecessor-version":[{"id":142894,"href":"https:\/\/zoca.es\/fr\/wp-json\/wp\/v2\/pages\/136067\/revisions\/142894"}],"up":[{"embeddable":true,"href":"https:\/\/zoca.es\/fr\/wp-json\/wp\/v2\/pages\/136065"}],"wp:attachment":[{"href":"https:\/\/zoca.es\/fr\/wp-json\/wp\/v2\/media?parent=136067"}],"curies":[{"name":"wp","href":"https:\/\/api.w.org\/{rel}","templated":true}]}}