{"id":136065,"date":"2025-06-05T14:24:30","date_gmt":"2025-06-05T13:24:30","guid":{"rendered":"https:\/\/zoca.es\/audio\/"},"modified":"2025-09-24T11:32:46","modified_gmt":"2025-09-24T10:32:46","slug":"audio","status":"publish","type":"page","link":"https:\/\/zoca.es\/fr\/audio\/","title":{"rendered":"Audio"},"content":{"rendered":"","protected":false},"excerpt":{"rendered":"","protected":false},"author":623,"featured_media":0,"parent":0,"menu_order":0,"comment_status":"closed","ping_status":"closed","template":"template-new-categories.php","meta":{"zoca_cat_short_desc":"<p>Vous cherchez du mat\u00e9riel audio ? Chez Zoca, nous disposons de haut-parleurs, casques, amplificateurs, barres de son et \u00e9quipements professionnels reconditionn\u00e9s \u00e0 des prix uniques. D\u00e9couvrez nos produits neufs ou reconditionn\u00e9s d'occasion.<\/p>\n","footnotes":""},"class_list":["post-136065","page","type-page","status-publish","hentry"],"_links":{"self":[{"href":"https:\/\/zoca.es\/fr\/wp-json\/wp\/v2\/pages\/136065","targetHints":{"allow":["GET"]}}],"collection":[{"href":"https:\/\/zoca.es\/fr\/wp-json\/wp\/v2\/pages"}],"about":[{"href":"https:\/\/zoca.es\/fr\/wp-json\/wp\/v2\/types\/page"}],"author":[{"embeddable":true,"href":"https:\/\/zoca.es\/fr\/wp-json\/wp\/v2\/users\/623"}],"replies":[{"embeddable":true,"href":"https:\/\/zoca.es\/fr\/wp-json\/wp\/v2\/comments?post=136065"}],"version-history":[{"count":1,"href":"https:\/\/zoca.es\/fr\/wp-json\/wp\/v2\/pages\/136065\/revisions"}],"predecessor-version":[{"id":142891,"href":"https:\/\/zoca.es\/fr\/wp-json\/wp\/v2\/pages\/136065\/revisions\/142891"}],"wp:attachment":[{"href":"https:\/\/zoca.es\/fr\/wp-json\/wp\/v2\/media?parent=136065"}],"curies":[{"name":"wp","href":"https:\/\/api.w.org\/{rel}","templated":true}]}}