{"id":136064,"date":"2025-06-05T14:24:05","date_gmt":"2025-06-05T13:24:05","guid":{"rendered":"https:\/\/zoca.es\/serveurs\/tour\/"},"modified":"2025-09-24T12:48:53","modified_gmt":"2025-09-24T11:48:53","slug":"tour","status":"publish","type":"page","link":"https:\/\/zoca.es\/fr\/serveurs\/tour\/","title":{"rendered":"Tour"},"content":{"rendered":"","protected":false},"excerpt":{"rendered":"","protected":false},"author":623,"featured_media":0,"parent":136062,"menu_order":0,"comment_status":"closed","ping_status":"closed","template":"template-new-categories.php","meta":{"zoca_cat_short_desc":"<p>Serveurs tour reconditionn\u00e9s pour bureaux et petites entreprises. \u00c9quipements de bureau silencieux et faciles \u00e0 installer avec hautes performances. Mod\u00e8les Dell PowerEdge et HP ProLiant avec garantie compl\u00e8te, parfaits pour stockage, bases de donn\u00e9es et applications d'entreprise.<\/p>\n","footnotes":""},"class_list":["post-136064","page","type-page","status-publish","hentry"],"_links":{"self":[{"href":"https:\/\/zoca.es\/fr\/wp-json\/wp\/v2\/pages\/136064","targetHints":{"allow":["GET"]}}],"collection":[{"href":"https:\/\/zoca.es\/fr\/wp-json\/wp\/v2\/pages"}],"about":[{"href":"https:\/\/zoca.es\/fr\/wp-json\/wp\/v2\/types\/page"}],"author":[{"embeddable":true,"href":"https:\/\/zoca.es\/fr\/wp-json\/wp\/v2\/users\/623"}],"replies":[{"embeddable":true,"href":"https:\/\/zoca.es\/fr\/wp-json\/wp\/v2\/comments?post=136064"}],"version-history":[{"count":1,"href":"https:\/\/zoca.es\/fr\/wp-json\/wp\/v2\/pages\/136064\/revisions"}],"predecessor-version":[{"id":143006,"href":"https:\/\/zoca.es\/fr\/wp-json\/wp\/v2\/pages\/136064\/revisions\/143006"}],"up":[{"embeddable":true,"href":"https:\/\/zoca.es\/fr\/wp-json\/wp\/v2\/pages\/136062"}],"wp:attachment":[{"href":"https:\/\/zoca.es\/fr\/wp-json\/wp\/v2\/media?parent=136064"}],"curies":[{"name":"wp","href":"https:\/\/api.w.org\/{rel}","templated":true}]}}